{"id":9299,"date":"2026-04-12T21:45:03","date_gmt":"2026-04-12T21:45:03","guid":{"rendered":"https:\/\/avlo-deerlijk.be\/?post_type=product&#038;p=9299"},"modified":"2026-04-12T21:45:52","modified_gmt":"2026-04-12T21:45:52","slug":"easyyem-canari-5kg","status":"publish","type":"product","link":"https:\/\/avlo-deerlijk.be\/?product=easyyem-canari-5kg&lang=fr","title":{"rendered":"Easyyem Canari (5kg)"},"content":{"rendered":"<p>Easyyem Eivoer Canari est une nourriture pour \u0153ufs de haute qualit\u00e9, pr\u00eate \u00e0 l&#8217;emploi, sp\u00e9cialement d\u00e9velopp\u00e9e pour toutes les esp\u00e8ces de canaris. La composition \u00e9quilibr\u00e9e fournit exactement les nutriments dont les oiseaux ont besoin pendant la reproduction, la croissance et la mue. Gr\u00e2ce \u00e0 sa structure fine, elle est parfaitement absorb\u00e9e, tant par les oiseaux adultes que par les jeunes.<\/p>\n<p>Cette nourriture pour \u0153ufs contient des prot\u00e9ines naturelles, des vitamines essentielles, des min\u00e9raux et des ingr\u00e9dients de haute qualit\u00e9 qui contribuent \u00e0 une r\u00e9sistance solide, un d\u00e9veloppement sain et un plumage beau et complet. Elle est id\u00e9ale comme compl\u00e9ment quotidien ou en soutien suppl\u00e9mentaire lors de p\u00e9riodes de besoins accrus.<\/p>\n<p>Disponible en 1 kg et 5 kg<\/p>\n","protected":false},"excerpt":{"rendered":"<p>Easyyem Eivoer Canari est une nourriture pour \u0153ufs de haute qualit\u00e9, pr\u00eate \u00e0 l&#8217;emploi, sp\u00e9cialement d\u00e9velopp\u00e9e pour toutes les esp\u00e8ces de canaris. La composition \u00e9quilibr\u00e9e fournit exactement les nutriments dont les oiseaux ont besoin pendant la reproduction, la croissance et la mue. Gr\u00e2ce \u00e0 sa structure fine, elle est parfaitement absorb\u00e9e, tant par les oiseaux&#8230;<\/p>\n","protected":false},"featured_media":9297,"comment_status":"open","ping_status":"closed","template":"","meta":{"_uag_custom_page_level_css":"","_kad_post_transparent":"default","_kad_post_title":"","_kad_post_layout":"default","_kad_post_sidebar_id":"","_kad_post_content_style":"default","_kad_post_vertical_padding":"default","_kad_post_feature":"","_kad_post_feature_position":"","_kad_post_header":false,"_kad_post_footer":false,"_kad_post_classname":""},"product_brand":[2252],"product_cat":[333],"product_tag":[],"class_list":{"0":"post-9299","1":"product","2":"type-product","3":"status-publish","4":"has-post-thumbnail","6":"product_brand-easyyem___fr","7":"product_cat-patee-aux-oeufs","8":"product_shipping_class-medium-pakketten","10":"first","11":"instock","12":"taxable","13":"shipping-taxable","14":"purchasable","15":"product-type-simple","16":"entry","17":"content-bg","18":"loop-entry"},"uagb_featured_image_src":{"full":["https:\/\/avlo-deerlijk.be\/wp-content\/uploads\/2026\/04\/Schermopname_12-4-2026_234038_www.bing_.com_.jpeg",286,372,false],"thumbnail":["https:\/\/avlo-deerlijk.be\/wp-content\/uploads\/2026\/04\/Schermopname_12-4-2026_234038_www.bing_.com_-50x50.jpeg",50,50,true],"medium":["https:\/\/avlo-deerlijk.be\/wp-content\/uploads\/2026\/04\/Schermopname_12-4-2026_234038_www.bing_.com_-231x300.jpeg",231,300,true],"medium_large":["https:\/\/avlo-deerlijk.be\/wp-content\/uploads\/2026\/04\/Schermopname_12-4-2026_234038_www.bing_.com_.jpeg",286,372,false],"large":["https:\/\/avlo-deerlijk.be\/wp-content\/uploads\/2026\/04\/Schermopname_12-4-2026_234038_www.bing_.com_.jpeg",286,372,false],"1536x1536":["https:\/\/avlo-deerlijk.be\/wp-content\/uploads\/2026\/04\/Schermopname_12-4-2026_234038_www.bing_.com_.jpeg",286,372,false],"2048x2048":["https:\/\/avlo-deerlijk.be\/wp-content\/uploads\/2026\/04\/Schermopname_12-4-2026_234038_www.bing_.com_.jpeg",286,372,false],"woocommerce_thumbnail":["https:\/\/avlo-deerlijk.be\/wp-content\/uploads\/2026\/04\/Schermopname_12-4-2026_234038_www.bing_.com_.jpeg",286,372,false],"woocommerce_single":["https:\/\/avlo-deerlijk.be\/wp-content\/uploads\/2026\/04\/Schermopname_12-4-2026_234038_www.bing_.com_.jpeg",286,372,false],"woocommerce_gallery_thumbnail":["https:\/\/avlo-deerlijk.be\/wp-content\/uploads\/2026\/04\/Schermopname_12-4-2026_234038_www.bing_.com_-100x100.jpeg",100,100,true]},"uagb_author_info":{"display_name":"admin","author_link":"https:\/\/avlo-deerlijk.be\/?author=0"},"uagb_comment_info":0,"uagb_excerpt":"Easyyem Eivoer Canari est une nourriture pour \u0153ufs de haute qualit\u00e9, pr\u00eate \u00e0 l&#8217;emploi, sp\u00e9cialement d\u00e9velopp\u00e9e pour toutes les esp\u00e8ces de canaris. La composition \u00e9quilibr\u00e9e fournit exactement les nutriments dont les oiseaux ont besoin pendant la reproduction, la croissance et la mue. Gr\u00e2ce \u00e0 sa structure fine, elle est parfaitement absorb\u00e9e, tant par les oiseaux...","pll_sync_post":{},"lang":"fr","translations":{"fr":9299,"nl":9300},"_links":{"self":[{"href":"https:\/\/avlo-deerlijk.be\/index.php?rest_route=\/wp\/v2\/product\/9299","targetHints":{"allow":["GET"]}}],"collection":[{"href":"https:\/\/avlo-deerlijk.be\/index.php?rest_route=\/wp\/v2\/product"}],"about":[{"href":"https:\/\/avlo-deerlijk.be\/index.php?rest_route=\/wp\/v2\/types\/product"}],"replies":[{"embeddable":true,"href":"https:\/\/avlo-deerlijk.be\/index.php?rest_route=%2Fwp%2Fv2%2Fcomments&post=9299"}],"wp:featuredmedia":[{"embeddable":true,"href":"https:\/\/avlo-deerlijk.be\/index.php?rest_route=\/wp\/v2\/media\/9297"}],"wp:attachment":[{"href":"https:\/\/avlo-deerlijk.be\/index.php?rest_route=%2Fwp%2Fv2%2Fmedia&parent=9299"}],"wp:term":[{"taxonomy":"product_brand","embeddable":true,"href":"https:\/\/avlo-deerlijk.be\/index.php?rest_route=%2Fwp%2Fv2%2Fproduct_brand&post=9299"},{"taxonomy":"product_cat","embeddable":true,"href":"https:\/\/avlo-deerlijk.be\/index.php?rest_route=%2Fwp%2Fv2%2Fproduct_cat&post=9299"},{"taxonomy":"product_tag","embeddable":true,"href":"https:\/\/avlo-deerlijk.be\/index.php?rest_route=%2Fwp%2Fv2%2Fproduct_tag&post=9299"}],"curies":[{"name":"wp","href":"https:\/\/api.w.org\/{rel}","templated":true}]}}