{"id":8019,"date":"2025-08-13T09:37:36","date_gmt":"2025-08-13T09:37:36","guid":{"rendered":"https:\/\/avlo-deerlijk.be\/?post_type=product&#038;p=8019"},"modified":"2025-08-13T09:40:02","modified_gmt":"2025-08-13T09:40:02","slug":"couvercle-tino-maxi-217","status":"publish","type":"product","link":"https:\/\/avlo-deerlijk.be\/?product=couvercle-tino-maxi-217&lang=fr","title":{"rendered":"Couvercle Tino Maxi &#8211; 217"},"content":{"rendered":"<p><!--StartFragment --><\/p>\n<p><strong>Cages de transport 2GR \u2013 Des solutions fiables pour le transport s\u00e9curis\u00e9 des animaux<\/strong><\/p>\n<p>D\u00e9couvrez les cages de transport de haute qualit\u00e9 de la marque renomm\u00e9e 2GR, con\u00e7ues pour offrir confort, s\u00e9curit\u00e9 et facilit\u00e9 d\u2019utilisation :<br \/>\nCe couvercle robuste avec poign\u00e9e est adapt\u00e9 au mod\u00e8le Tino Maxi 233.<\/p>\n<ul>\n<li>Dimensions : 66,8 x 34,3 x 2,5cm<\/li>\n<\/ul>\n","protected":false},"excerpt":{"rendered":"<p>Cages de transport 2GR \u2013 Des solutions fiables pour le transport s\u00e9curis\u00e9 des animaux D\u00e9couvrez les cages de transport de haute qualit\u00e9 de la marque renomm\u00e9e 2GR, con\u00e7ues pour offrir confort, s\u00e9curit\u00e9 et facilit\u00e9 d\u2019utilisation : Ce couvercle robuste avec poign\u00e9e est adapt\u00e9 au mod\u00e8le Tino Maxi 233. Dimensions : 66,8 x 34,3 x 2,5cm<\/p>\n","protected":false},"featured_media":8008,"comment_status":"open","ping_status":"closed","template":"","meta":{"_uag_custom_page_level_css":"","_kad_post_transparent":"default","_kad_post_title":"","_kad_post_layout":"default","_kad_post_sidebar_id":"","_kad_post_content_style":"default","_kad_post_vertical_padding":"default","_kad_post_feature":"","_kad_post_feature_position":"","_kad_post_header":false,"_kad_post_footer":false,"_kad_post_classname":""},"product_brand":[],"product_cat":[2130],"product_tag":[],"class_list":{"0":"post-8019","1":"product","2":"type-product","3":"status-publish","4":"has-post-thumbnail","6":"product_cat-cages-de-transport-en-plastique-2gr","7":"product_shipping_class-lichte-pakketten","9":"first","10":"instock","11":"taxable","12":"shipping-taxable","13":"purchasable","14":"product-type-simple","15":"entry","16":"content-bg","17":"loop-entry"},"uagb_featured_image_src":{"full":["https:\/\/avlo-deerlijk.be\/wp-content\/uploads\/2025\/08\/Tino-217-Maxi-deksel.png",1620,1620,false],"thumbnail":["https:\/\/avlo-deerlijk.be\/wp-content\/uploads\/2025\/08\/Tino-217-Maxi-deksel-50x50.png",50,50,true],"medium":["https:\/\/avlo-deerlijk.be\/wp-content\/uploads\/2025\/08\/Tino-217-Maxi-deksel-300x300.png",300,300,true],"medium_large":["https:\/\/avlo-deerlijk.be\/wp-content\/uploads\/2025\/08\/Tino-217-Maxi-deksel-768x768.png",768,768,true],"large":["https:\/\/avlo-deerlijk.be\/wp-content\/uploads\/2025\/08\/Tino-217-Maxi-deksel-1024x1024.png",1024,1024,true],"1536x1536":["https:\/\/avlo-deerlijk.be\/wp-content\/uploads\/2025\/08\/Tino-217-Maxi-deksel-1536x1536.png",1536,1536,true],"2048x2048":["https:\/\/avlo-deerlijk.be\/wp-content\/uploads\/2025\/08\/Tino-217-Maxi-deksel.png",1620,1620,false],"woocommerce_thumbnail":["https:\/\/avlo-deerlijk.be\/wp-content\/uploads\/2025\/08\/Tino-217-Maxi-deksel-600x600.png",600,600,true],"woocommerce_single":["https:\/\/avlo-deerlijk.be\/wp-content\/uploads\/2025\/08\/Tino-217-Maxi-deksel-600x600.png",600,600,true],"woocommerce_gallery_thumbnail":["https:\/\/avlo-deerlijk.be\/wp-content\/uploads\/2025\/08\/Tino-217-Maxi-deksel-100x100.png",100,100,true]},"uagb_author_info":{"display_name":"admin","author_link":"https:\/\/avlo-deerlijk.be\/?author=0"},"uagb_comment_info":0,"uagb_excerpt":"Cages de transport 2GR \u2013 Des solutions fiables pour le transport s\u00e9curis\u00e9 des animaux D\u00e9couvrez les cages de transport de haute qualit\u00e9 de la marque renomm\u00e9e 2GR, con\u00e7ues pour offrir confort, s\u00e9curit\u00e9 et facilit\u00e9 d\u2019utilisation : Ce couvercle robuste avec poign\u00e9e est adapt\u00e9 au mod\u00e8le Tino Maxi 233. Dimensions : 66,8 x 34,3 x 2,5cm","pll_sync_post":[],"lang":"fr","translations":{"fr":8019,"nl":8018},"_links":{"self":[{"href":"https:\/\/avlo-deerlijk.be\/index.php?rest_route=\/wp\/v2\/product\/8019","targetHints":{"allow":["GET"]}}],"collection":[{"href":"https:\/\/avlo-deerlijk.be\/index.php?rest_route=\/wp\/v2\/product"}],"about":[{"href":"https:\/\/avlo-deerlijk.be\/index.php?rest_route=\/wp\/v2\/types\/product"}],"replies":[{"embeddable":true,"href":"https:\/\/avlo-deerlijk.be\/index.php?rest_route=%2Fwp%2Fv2%2Fcomments&post=8019"}],"wp:featuredmedia":[{"embeddable":true,"href":"https:\/\/avlo-deerlijk.be\/index.php?rest_route=\/wp\/v2\/media\/8008"}],"wp:attachment":[{"href":"https:\/\/avlo-deerlijk.be\/index.php?rest_route=%2Fwp%2Fv2%2Fmedia&parent=8019"}],"wp:term":[{"taxonomy":"product_brand","embeddable":true,"href":"https:\/\/avlo-deerlijk.be\/index.php?rest_route=%2Fwp%2Fv2%2Fproduct_brand&post=8019"},{"taxonomy":"product_cat","embeddable":true,"href":"https:\/\/avlo-deerlijk.be\/index.php?rest_route=%2Fwp%2Fv2%2Fproduct_cat&post=8019"},{"taxonomy":"product_tag","embeddable":true,"href":"https:\/\/avlo-deerlijk.be\/index.php?rest_route=%2Fwp%2Fv2%2Fproduct_tag&post=8019"}],"curies":[{"name":"wp","href":"https:\/\/api.w.org\/{rel}","templated":true}]}}