{"id":7448,"date":"2024-11-25T19:37:31","date_gmt":"2024-11-25T19:37:31","guid":{"rendered":"https:\/\/avlo-deerlijk.be\/?post_type=product&#038;p=1135"},"modified":"2025-06-08T20:19:06","modified_gmt":"2025-06-08T20:19:06","slug":"deli-nature-93-graines-de-sante-supremes-emballees","status":"publish","type":"product","link":"https:\/\/avlo-deerlijk.be\/?product=deli-nature-93-graines-de-sante-supremes-emballees&lang=fr","title":{"rendered":"Deli Nature &#8211; 93 &#8211; Graines de sant\u00e9 supr\u00eames (emball\u00e9es)"},"content":{"rendered":"<div class=\"product__content\">\n<ul>\n<li>M\u00e9lange \u00e0 base de graines potag\u00e8res.<\/li>\n<li>Un changement bienvenu dans la ration quotidienne.<\/li>\n<li>Disponible en emballage d&#8217;origine de 15 kg ou en conditionnement individuel (100 g &#8211; 5 kg)<\/li>\n<\/ul>\n<\/div>\n<div class=\"product__composition\">\n<div class=\"product__composition-summary\" tabindex=\"0\" role=\"button\" data-groupid=\"composition\" data-target=\"[san-id='open-composition']\" data-state=\"open\" data-classlist=\"open\" aria-expanded=\"false\">Composition<\/div>\n<div class=\"product__composition-details open\">Graines de carotte, de tr\u00e8fle, de radis, d&#8217;\u00e9pinard, de gramin\u00e9es, de colza, d&#8217;oignon, de cresson al\u00e9nois, de millet Jaune, colza, p\u00e9rilla, millet rouge, pavot bleu, graine de niger<\/div>\n<\/div>\n","protected":false},"excerpt":{"rendered":"<p>M\u00e9lange \u00e0 base de graines potag\u00e8res. Un changement bienvenu dans la ration quotidienne. Disponible en emballage d&#8217;origine de 15 kg ou en conditionnement individuel (100 g &#8211; 5 kg) Composition Graines de carotte, de tr\u00e8fle, de radis, d&#8217;\u00e9pinard, de gramin\u00e9es, de colza, d&#8217;oignon, de cresson al\u00e9nois, de millet Jaune, colza, p\u00e9rilla, millet rouge, pavot bleu,&#8230;<\/p>\n","protected":false},"featured_media":2658,"comment_status":"open","ping_status":"closed","template":"","meta":{"_uag_custom_page_level_css":"","_kad_post_transparent":"default","_kad_post_title":"","_kad_post_layout":"default","_kad_post_sidebar_id":"","_kad_post_content_style":"default","_kad_post_vertical_padding":"default","_kad_post_feature":"","_kad_post_feature_position":"","_kad_post_header":false,"_kad_post_footer":false,"_kad_post_classname":""},"product_brand":[494],"product_cat":[331,329],"product_tag":[],"class_list":{"0":"post-7448","1":"product","2":"type-product","3":"status-publish","4":"has-post-thumbnail","6":"product_brand-deli-nature___fr","7":"product_cat-graines-uniques","8":"product_cat-oiseaux-europeens-fr","10":"first","11":"instock","12":"taxable","13":"shipping-taxable","14":"purchasable","15":"product-type-variable","16":"entry","17":"content-bg","18":"loop-entry"},"uagb_featured_image_src":{"full":["https:\/\/avlo-deerlijk.be\/wp-content\/uploads\/2024\/12\/Gezondheidszaad-Supreme-Deli-Nature.png",1755,1755,false],"thumbnail":["https:\/\/avlo-deerlijk.be\/wp-content\/uploads\/2024\/12\/Gezondheidszaad-Supreme-Deli-Nature-50x50.png",50,50,true],"medium":["https:\/\/avlo-deerlijk.be\/wp-content\/uploads\/2024\/12\/Gezondheidszaad-Supreme-Deli-Nature-300x300.png",300,300,true],"medium_large":["https:\/\/avlo-deerlijk.be\/wp-content\/uploads\/2024\/12\/Gezondheidszaad-Supreme-Deli-Nature-768x768.png",768,768,true],"large":["https:\/\/avlo-deerlijk.be\/wp-content\/uploads\/2024\/12\/Gezondheidszaad-Supreme-Deli-Nature-1024x1024.png",1024,1024,true],"1536x1536":["https:\/\/avlo-deerlijk.be\/wp-content\/uploads\/2024\/12\/Gezondheidszaad-Supreme-Deli-Nature-1536x1536.png",1536,1536,true],"2048x2048":["https:\/\/avlo-deerlijk.be\/wp-content\/uploads\/2024\/12\/Gezondheidszaad-Supreme-Deli-Nature.png",1755,1755,false],"woocommerce_thumbnail":["https:\/\/avlo-deerlijk.be\/wp-content\/uploads\/2024\/12\/Gezondheidszaad-Supreme-Deli-Nature-600x600.png",600,600,true],"woocommerce_single":["https:\/\/avlo-deerlijk.be\/wp-content\/uploads\/2024\/12\/Gezondheidszaad-Supreme-Deli-Nature-600x600.png",600,600,true],"woocommerce_gallery_thumbnail":["https:\/\/avlo-deerlijk.be\/wp-content\/uploads\/2024\/12\/Gezondheidszaad-Supreme-Deli-Nature-100x100.png",100,100,true]},"uagb_author_info":{"display_name":"admin","author_link":"https:\/\/avlo-deerlijk.be\/?author=0"},"uagb_comment_info":0,"uagb_excerpt":"M\u00e9lange \u00e0 base de graines potag\u00e8res. Un changement bienvenu dans la ration quotidienne. Disponible en emballage d&#8217;origine de 15 kg ou en conditionnement individuel (100 g &#8211; 5 kg) Composition Graines de carotte, de tr\u00e8fle, de radis, d&#8217;\u00e9pinard, de gramin\u00e9es, de colza, d&#8217;oignon, de cresson al\u00e9nois, de millet Jaune, colza, p\u00e9rilla, millet rouge, pavot bleu,...","pll_sync_post":[],"lang":"fr","translations":{"fr":7448,"nl":1135},"_links":{"self":[{"href":"https:\/\/avlo-deerlijk.be\/index.php?rest_route=\/wp\/v2\/product\/7448","targetHints":{"allow":["GET"]}}],"collection":[{"href":"https:\/\/avlo-deerlijk.be\/index.php?rest_route=\/wp\/v2\/product"}],"about":[{"href":"https:\/\/avlo-deerlijk.be\/index.php?rest_route=\/wp\/v2\/types\/product"}],"replies":[{"embeddable":true,"href":"https:\/\/avlo-deerlijk.be\/index.php?rest_route=%2Fwp%2Fv2%2Fcomments&post=7448"}],"wp:featuredmedia":[{"embeddable":true,"href":"https:\/\/avlo-deerlijk.be\/index.php?rest_route=\/wp\/v2\/media\/2658"}],"wp:attachment":[{"href":"https:\/\/avlo-deerlijk.be\/index.php?rest_route=%2Fwp%2Fv2%2Fmedia&parent=7448"}],"wp:term":[{"taxonomy":"product_brand","embeddable":true,"href":"https:\/\/avlo-deerlijk.be\/index.php?rest_route=%2Fwp%2Fv2%2Fproduct_brand&post=7448"},{"taxonomy":"product_cat","embeddable":true,"href":"https:\/\/avlo-deerlijk.be\/index.php?rest_route=%2Fwp%2Fv2%2Fproduct_cat&post=7448"},{"taxonomy":"product_tag","embeddable":true,"href":"https:\/\/avlo-deerlijk.be\/index.php?rest_route=%2Fwp%2Fv2%2Fproduct_tag&post=7448"}],"curies":[{"name":"wp","href":"https:\/\/api.w.org\/{rel}","templated":true}]}}