{"id":6768,"date":"2024-12-29T13:18:25","date_gmt":"2024-12-29T13:18:25","guid":{"rendered":"https:\/\/avlo-deerlijk.be\/?post_type=product&#038;p=2276"},"modified":"2025-06-08T20:19:47","modified_gmt":"2025-06-08T20:19:47","slug":"anneaux-elastiques-o35mm-50pcs","status":"publish","type":"product","link":"https:\/\/avlo-deerlijk.be\/?product=anneaux-elastiques-o35mm-50pcs&lang=fr","title":{"rendered":"ANNEAUX \u00c9LASTIQUES \u00d83,5MM (50pcs)"},"content":{"rendered":"<ul>\n<li>Diam\u00e8tre 3,5 mm (\u00e9galement disponible en 3 mm)<\/li>\n<li>Bo\u00eete de 50 pi\u00e8ces<\/li>\n<li>Choix entre 3 couleurs\u00a0: blanc, jaune et rouge<\/li>\n<\/ul>\n","protected":false},"excerpt":{"rendered":"<p>Diam\u00e8tre 3,5 mm (\u00e9galement disponible en 3 mm) Bo\u00eete de 50 pi\u00e8ces Choix entre 3 couleurs\u00a0: blanc, jaune et rouge<\/p>\n","protected":false},"featured_media":3349,"comment_status":"open","ping_status":"closed","template":"","meta":{"_uag_custom_page_level_css":"","_kad_post_transparent":"default","_kad_post_title":"","_kad_post_layout":"default","_kad_post_sidebar_id":"","_kad_post_content_style":"default","_kad_post_vertical_padding":"default","_kad_post_feature":"","_kad_post_feature_position":"","_kad_post_header":false,"_kad_post_footer":false,"_kad_post_classname":""},"product_brand":[],"product_cat":[401],"product_tag":[],"class_list":{"0":"post-6768","1":"product","2":"type-product","3":"status-publish","4":"has-post-thumbnail","6":"product_cat-autres-accessoires","7":"product_shipping_class-lichte-pakketten","9":"first","10":"instock","11":"taxable","12":"shipping-taxable","13":"purchasable","14":"product-type-variable","15":"entry","16":"content-bg","17":"loop-entry"},"uagb_featured_image_src":{"full":["https:\/\/avlo-deerlijk.be\/wp-content\/uploads\/2024\/11\/50X-ELASTISCHE-RINGEN.webp.png",1755,1755,false],"thumbnail":["https:\/\/avlo-deerlijk.be\/wp-content\/uploads\/2024\/11\/50X-ELASTISCHE-RINGEN.webp-50x50.png",50,50,true],"medium":["https:\/\/avlo-deerlijk.be\/wp-content\/uploads\/2024\/11\/50X-ELASTISCHE-RINGEN.webp-300x300.png",300,300,true],"medium_large":["https:\/\/avlo-deerlijk.be\/wp-content\/uploads\/2024\/11\/50X-ELASTISCHE-RINGEN.webp-768x768.png",768,768,true],"large":["https:\/\/avlo-deerlijk.be\/wp-content\/uploads\/2024\/11\/50X-ELASTISCHE-RINGEN.webp-1024x1024.png",1024,1024,true],"1536x1536":["https:\/\/avlo-deerlijk.be\/wp-content\/uploads\/2024\/11\/50X-ELASTISCHE-RINGEN.webp-1536x1536.png",1536,1536,true],"2048x2048":["https:\/\/avlo-deerlijk.be\/wp-content\/uploads\/2024\/11\/50X-ELASTISCHE-RINGEN.webp.png",1755,1755,false],"woocommerce_thumbnail":["https:\/\/avlo-deerlijk.be\/wp-content\/uploads\/2024\/11\/50X-ELASTISCHE-RINGEN.webp-600x600.png",600,600,true],"woocommerce_single":["https:\/\/avlo-deerlijk.be\/wp-content\/uploads\/2024\/11\/50X-ELASTISCHE-RINGEN.webp-600x600.png",600,600,true],"woocommerce_gallery_thumbnail":["https:\/\/avlo-deerlijk.be\/wp-content\/uploads\/2024\/11\/50X-ELASTISCHE-RINGEN.webp-100x100.png",100,100,true]},"uagb_author_info":{"display_name":"admin","author_link":"https:\/\/avlo-deerlijk.be\/?author=0"},"uagb_comment_info":0,"uagb_excerpt":"Diam\u00e8tre 3,5 mm (\u00e9galement disponible en 3 mm) Bo\u00eete de 50 pi\u00e8ces Choix entre 3 couleurs\u00a0: blanc, jaune et rouge","pll_sync_post":{},"lang":"fr","translations":{"fr":6768,"nl":2276},"_links":{"self":[{"href":"https:\/\/avlo-deerlijk.be\/index.php?rest_route=\/wp\/v2\/product\/6768","targetHints":{"allow":["GET"]}}],"collection":[{"href":"https:\/\/avlo-deerlijk.be\/index.php?rest_route=\/wp\/v2\/product"}],"about":[{"href":"https:\/\/avlo-deerlijk.be\/index.php?rest_route=\/wp\/v2\/types\/product"}],"replies":[{"embeddable":true,"href":"https:\/\/avlo-deerlijk.be\/index.php?rest_route=%2Fwp%2Fv2%2Fcomments&post=6768"}],"wp:featuredmedia":[{"embeddable":true,"href":"https:\/\/avlo-deerlijk.be\/index.php?rest_route=\/wp\/v2\/media\/3349"}],"wp:attachment":[{"href":"https:\/\/avlo-deerlijk.be\/index.php?rest_route=%2Fwp%2Fv2%2Fmedia&parent=6768"}],"wp:term":[{"taxonomy":"product_brand","embeddable":true,"href":"https:\/\/avlo-deerlijk.be\/index.php?rest_route=%2Fwp%2Fv2%2Fproduct_brand&post=6768"},{"taxonomy":"product_cat","embeddable":true,"href":"https:\/\/avlo-deerlijk.be\/index.php?rest_route=%2Fwp%2Fv2%2Fproduct_cat&post=6768"},{"taxonomy":"product_tag","embeddable":true,"href":"https:\/\/avlo-deerlijk.be\/index.php?rest_route=%2Fwp%2Fv2%2Fproduct_tag&post=6768"}],"curies":[{"name":"wp","href":"https:\/\/api.w.org\/{rel}","templated":true}]}}