{"id":6718,"date":"2024-12-29T19:47:47","date_gmt":"2024-12-29T19:47:47","guid":{"rendered":"https:\/\/avlo-deerlijk.be\/?post_type=product&#038;p=2336"},"modified":"2025-06-08T20:16:47","modified_gmt":"2025-06-08T20:16:47","slug":"bird-supreme-chardonnerets-excellent-15kg","status":"publish","type":"product","link":"https:\/\/avlo-deerlijk.be\/?product=bird-supreme-chardonnerets-excellent-15kg&lang=fr","title":{"rendered":"Bird Supreme &#8211; Chardonnerets Excellent (15kg)"},"content":{"rendered":"<p>Goldfinch Excellent est un excellent choix pour ceux qui souhaitent offrir \u00e0 leurs oiseaux une alimentation saine et \u00e9quilibr\u00e9e.<\/p>\n<p>Ses ingr\u00e9dients vari\u00e9s et sa formulation soign\u00e9e contribuent \u00e0 maintenir vos oiseaux en bonne sant\u00e9 et heureux plus longtemps.<\/p>\n<ul>\n<li>15 kg (\u00e9galement disponible en 4 kg &#8211; conditionn\u00e9)<\/li>\n<\/ul>\n<p><strong>Composition<\/strong><\/p>\n<p>Chardon-Marie<\/p>\n<p>Graines de tournesol ray\u00e9es<\/p>\n<p>Cardy<\/p>\n<p>P\u00e9rilla blanche<\/p>\n<p>P\u00e9rilla brune<\/p>\n<p>Graines de lin<\/p>\n<p>Graines de n\u00e8gre<\/p>\n<p>Avoine d\u00e9cortiqu\u00e9e<\/p>\n<p>Millet rouge<\/p>\n<p>Graines plates<\/p>\n<p>Colza<\/p>\n<p>Graines de chanvre<\/p>\n<p>Sarrasin<\/p>\n<p>Graines d&#8217;\u00e9glantier<\/p>\n<p>Coup\u00e9es<\/p>\n<p>Avoine<\/p>\n<p>Baies de sorbier<\/p>\n<p>Graines de gramin\u00e9es Dactyle pel\u00e9<\/p>\n","protected":false},"excerpt":{"rendered":"<p>Goldfinch Excellent est un excellent choix pour ceux qui souhaitent offrir \u00e0 leurs oiseaux une alimentation saine et \u00e9quilibr\u00e9e. Ses ingr\u00e9dients vari\u00e9s et sa formulation soign\u00e9e contribuent \u00e0 maintenir vos oiseaux en bonne sant\u00e9 et heureux plus longtemps. 15 kg (\u00e9galement disponible en 4 kg &#8211; conditionn\u00e9) Composition Chardon-Marie Graines de tournesol ray\u00e9es Cardy P\u00e9rilla&#8230;<\/p>\n","protected":false},"featured_media":2337,"comment_status":"open","ping_status":"closed","template":"","meta":{"_uag_custom_page_level_css":"","_kad_post_transparent":"default","_kad_post_title":"","_kad_post_layout":"default","_kad_post_sidebar_id":"","_kad_post_content_style":"default","_kad_post_vertical_padding":"default","_kad_post_feature":"","_kad_post_feature_position":"","_kad_post_header":false,"_kad_post_footer":false,"_kad_post_classname":""},"product_brand":[622],"product_cat":[329],"product_tag":[],"class_list":{"0":"post-6718","1":"product","2":"type-product","3":"status-publish","4":"has-post-thumbnail","6":"product_brand-bird-supreme___fr","7":"product_cat-oiseaux-europeens-fr","8":"product_shipping_class-extra-zware-pakketten","10":"first","11":"instock","12":"taxable","13":"shipping-taxable","14":"purchasable","15":"product-type-simple","16":"entry","17":"content-bg","18":"loop-entry"},"uagb_featured_image_src":{"full":["https:\/\/avlo-deerlijk.be\/wp-content\/uploads\/2024\/12\/Goudvinken-Excellent.jpg",1181,1181,false],"thumbnail":["https:\/\/avlo-deerlijk.be\/wp-content\/uploads\/2024\/12\/Goudvinken-Excellent-50x50.jpg",50,50,true],"medium":["https:\/\/avlo-deerlijk.be\/wp-content\/uploads\/2024\/12\/Goudvinken-Excellent-300x300.jpg",300,300,true],"medium_large":["https:\/\/avlo-deerlijk.be\/wp-content\/uploads\/2024\/12\/Goudvinken-Excellent-768x768.jpg",768,768,true],"large":["https:\/\/avlo-deerlijk.be\/wp-content\/uploads\/2024\/12\/Goudvinken-Excellent-1024x1024.jpg",1024,1024,true],"1536x1536":["https:\/\/avlo-deerlijk.be\/wp-content\/uploads\/2024\/12\/Goudvinken-Excellent.jpg",1181,1181,false],"2048x2048":["https:\/\/avlo-deerlijk.be\/wp-content\/uploads\/2024\/12\/Goudvinken-Excellent.jpg",1181,1181,false],"woocommerce_thumbnail":["https:\/\/avlo-deerlijk.be\/wp-content\/uploads\/2024\/12\/Goudvinken-Excellent-600x600.jpg",600,600,true],"woocommerce_single":["https:\/\/avlo-deerlijk.be\/wp-content\/uploads\/2024\/12\/Goudvinken-Excellent-600x600.jpg",600,600,true],"woocommerce_gallery_thumbnail":["https:\/\/avlo-deerlijk.be\/wp-content\/uploads\/2024\/12\/Goudvinken-Excellent-100x100.jpg",100,100,true]},"uagb_author_info":{"display_name":"admin","author_link":"https:\/\/avlo-deerlijk.be\/?author=0"},"uagb_comment_info":0,"uagb_excerpt":"Goldfinch Excellent est un excellent choix pour ceux qui souhaitent offrir \u00e0 leurs oiseaux une alimentation saine et \u00e9quilibr\u00e9e. Ses ingr\u00e9dients vari\u00e9s et sa formulation soign\u00e9e contribuent \u00e0 maintenir vos oiseaux en bonne sant\u00e9 et heureux plus longtemps. 15 kg (\u00e9galement disponible en 4 kg &#8211; conditionn\u00e9) Composition Chardon-Marie Graines de tournesol ray\u00e9es Cardy P\u00e9rilla...","pll_sync_post":[],"lang":"fr","translations":{"fr":6718,"nl":2336},"_links":{"self":[{"href":"https:\/\/avlo-deerlijk.be\/index.php?rest_route=\/wp\/v2\/product\/6718","targetHints":{"allow":["GET"]}}],"collection":[{"href":"https:\/\/avlo-deerlijk.be\/index.php?rest_route=\/wp\/v2\/product"}],"about":[{"href":"https:\/\/avlo-deerlijk.be\/index.php?rest_route=\/wp\/v2\/types\/product"}],"replies":[{"embeddable":true,"href":"https:\/\/avlo-deerlijk.be\/index.php?rest_route=%2Fwp%2Fv2%2Fcomments&post=6718"}],"wp:featuredmedia":[{"embeddable":true,"href":"https:\/\/avlo-deerlijk.be\/index.php?rest_route=\/wp\/v2\/media\/2337"}],"wp:attachment":[{"href":"https:\/\/avlo-deerlijk.be\/index.php?rest_route=%2Fwp%2Fv2%2Fmedia&parent=6718"}],"wp:term":[{"taxonomy":"product_brand","embeddable":true,"href":"https:\/\/avlo-deerlijk.be\/index.php?rest_route=%2Fwp%2Fv2%2Fproduct_brand&post=6718"},{"taxonomy":"product_cat","embeddable":true,"href":"https:\/\/avlo-deerlijk.be\/index.php?rest_route=%2Fwp%2Fv2%2Fproduct_cat&post=6718"},{"taxonomy":"product_tag","embeddable":true,"href":"https:\/\/avlo-deerlijk.be\/index.php?rest_route=%2Fwp%2Fv2%2Fproduct_tag&post=6718"}],"curies":[{"name":"wp","href":"https:\/\/api.w.org\/{rel}","templated":true}]}}