{"id":6417,"date":"2025-01-18T19:39:03","date_gmt":"2025-01-18T19:39:03","guid":{"rendered":"https:\/\/avlo-deerlijk.be\/?post_type=product&#038;p=3200"},"modified":"2026-02-02T21:42:57","modified_gmt":"2026-02-02T21:42:57","slug":"grizo-melange-aviaire-bird-x-20-kg","status":"publish","type":"product","link":"https:\/\/avlo-deerlijk.be\/?product=grizo-melange-aviaire-bird-x-20-kg&lang=fr","title":{"rendered":"Grizo &#8211; M\u00c9LANGE AVIAIRE BIRD-X (20 kg)"},"content":{"rendered":"<p>Cet aliment pour oiseaux est fabriqu\u00e9 et compos\u00e9 en Belgique.<\/p>\n<p>Le m\u00e9lange Bird-x pour voli\u00e8re est con\u00e7u pour \u00eatre l&#8217;aliment de base id\u00e9al pour toutes les esp\u00e8ces vivant en voli\u00e8re (grandes perruches, canaris, agapornis, pinsons tropicaux, perruches, chardonnerets, tarins&#8230;).<\/p>\n<p>Ainsi, les \u00e9leveurs d&#8217;oiseaux ont moins de soucis \u00e0 se faire. La composition a \u00e9t\u00e9 \u00e9tudi\u00e9e pour r\u00e9pondre aux besoins nutritionnels de base.<\/p>\n<p>Tous les oiseaux d&#8217;une voli\u00e8re peuvent parfaitement \u00e9plucher les graines de ce m\u00e9lange gr\u00e2ce \u00e0 leur petit bec robuste.<\/p>\n<p>Seules des graines de qualit\u00e9 sont utilis\u00e9es et nettoy\u00e9es deux fois avant utilisation pour garantir des graines exemptes de poussi\u00e8re.<\/p>\n<p>Le m\u00e9lange est compos\u00e9 de\u00a0: alpiste, graines rondes, blanches, jaunes et rouges, colza, avoine d\u00e9cortiqu\u00e9e, graines de lin, graines de chanvre, graines de niger.<\/p>\n<p>&#8211; Plein d&#8217;\u00e9nergie et de vitamines<\/p>\n<p>&#8211; Sans poussi\u00e8re<\/p>\n<p>&#8211; Fabriqu\u00e9 en Belgique<\/p>\n<p>&#8211; 20 kg (\u00e9galement disponible en 1 kg et 5 kg)<\/p>\n","protected":false},"excerpt":{"rendered":"<p>Cet aliment pour oiseaux est fabriqu\u00e9 et compos\u00e9 en Belgique. Le m\u00e9lange Bird-x pour voli\u00e8re est con\u00e7u pour \u00eatre l&#8217;aliment de base id\u00e9al pour toutes les esp\u00e8ces vivant en voli\u00e8re (grandes perruches, canaris, agapornis, pinsons tropicaux, perruches, chardonnerets, tarins&#8230;). Ainsi, les \u00e9leveurs d&#8217;oiseaux ont moins de soucis \u00e0 se faire. La composition a \u00e9t\u00e9 \u00e9tudi\u00e9e&#8230;<\/p>\n","protected":false},"featured_media":3627,"comment_status":"open","ping_status":"closed","template":"","meta":{"_uag_custom_page_level_css":"","_kad_post_transparent":"default","_kad_post_title":"","_kad_post_layout":"default","_kad_post_sidebar_id":"","_kad_post_content_style":"default","_kad_post_vertical_padding":"default","_kad_post_feature":"","_kad_post_feature_position":"","_kad_post_header":false,"_kad_post_footer":false,"_kad_post_classname":""},"product_brand":[521],"product_cat":[421,329,425,417,347],"product_tag":[],"class_list":{"0":"post-6417","1":"product","2":"type-product","3":"status-publish","4":"has-post-thumbnail","6":"product_brand-grizo___fr","7":"product_cat-canaris-fr","8":"product_cat-oiseaux-europeens-fr","9":"product_cat-oiseaux-tropicaux-fr","10":"product_cat-perruches-perroquets-fr","11":"product_cat-pigeons-volailles-fr","12":"product_shipping_class-enkel-afhalen","14":"first","15":"instock","16":"taxable","17":"shipping-taxable","18":"purchasable","19":"product-type-simple","20":"entry","21":"content-bg","22":"loop-entry"},"uagb_featured_image_src":{"full":["https:\/\/avlo-deerlijk.be\/wp-content\/uploads\/2024\/11\/VOLIEREMENGELING-BIRD-X.png",1755,1755,false],"thumbnail":["https:\/\/avlo-deerlijk.be\/wp-content\/uploads\/2024\/11\/VOLIEREMENGELING-BIRD-X-50x50.png",50,50,true],"medium":["https:\/\/avlo-deerlijk.be\/wp-content\/uploads\/2024\/11\/VOLIEREMENGELING-BIRD-X-300x300.png",300,300,true],"medium_large":["https:\/\/avlo-deerlijk.be\/wp-content\/uploads\/2024\/11\/VOLIEREMENGELING-BIRD-X-768x768.png",768,768,true],"large":["https:\/\/avlo-deerlijk.be\/wp-content\/uploads\/2024\/11\/VOLIEREMENGELING-BIRD-X-1024x1024.png",1024,1024,true],"1536x1536":["https:\/\/avlo-deerlijk.be\/wp-content\/uploads\/2024\/11\/VOLIEREMENGELING-BIRD-X-1536x1536.png",1536,1536,true],"2048x2048":["https:\/\/avlo-deerlijk.be\/wp-content\/uploads\/2024\/11\/VOLIEREMENGELING-BIRD-X.png",1755,1755,false],"woocommerce_thumbnail":["https:\/\/avlo-deerlijk.be\/wp-content\/uploads\/2024\/11\/VOLIEREMENGELING-BIRD-X-600x600.png",600,600,true],"woocommerce_single":["https:\/\/avlo-deerlijk.be\/wp-content\/uploads\/2024\/11\/VOLIEREMENGELING-BIRD-X-600x600.png",600,600,true],"woocommerce_gallery_thumbnail":["https:\/\/avlo-deerlijk.be\/wp-content\/uploads\/2024\/11\/VOLIEREMENGELING-BIRD-X-100x100.png",100,100,true]},"uagb_author_info":{"display_name":"admin","author_link":"https:\/\/avlo-deerlijk.be\/?author=0"},"uagb_comment_info":0,"uagb_excerpt":"Cet aliment pour oiseaux est fabriqu\u00e9 et compos\u00e9 en Belgique. Le m\u00e9lange Bird-x pour voli\u00e8re est con\u00e7u pour \u00eatre l&#8217;aliment de base id\u00e9al pour toutes les esp\u00e8ces vivant en voli\u00e8re (grandes perruches, canaris, agapornis, pinsons tropicaux, perruches, chardonnerets, tarins&#8230;). Ainsi, les \u00e9leveurs d&#8217;oiseaux ont moins de soucis \u00e0 se faire. La composition a \u00e9t\u00e9 \u00e9tudi\u00e9e...","pll_sync_post":{},"lang":"fr","translations":{"fr":6417,"nl":3200},"_links":{"self":[{"href":"https:\/\/avlo-deerlijk.be\/index.php?rest_route=\/wp\/v2\/product\/6417","targetHints":{"allow":["GET"]}}],"collection":[{"href":"https:\/\/avlo-deerlijk.be\/index.php?rest_route=\/wp\/v2\/product"}],"about":[{"href":"https:\/\/avlo-deerlijk.be\/index.php?rest_route=\/wp\/v2\/types\/product"}],"replies":[{"embeddable":true,"href":"https:\/\/avlo-deerlijk.be\/index.php?rest_route=%2Fwp%2Fv2%2Fcomments&post=6417"}],"wp:featuredmedia":[{"embeddable":true,"href":"https:\/\/avlo-deerlijk.be\/index.php?rest_route=\/wp\/v2\/media\/3627"}],"wp:attachment":[{"href":"https:\/\/avlo-deerlijk.be\/index.php?rest_route=%2Fwp%2Fv2%2Fmedia&parent=6417"}],"wp:term":[{"taxonomy":"product_brand","embeddable":true,"href":"https:\/\/avlo-deerlijk.be\/index.php?rest_route=%2Fwp%2Fv2%2Fproduct_brand&post=6417"},{"taxonomy":"product_cat","embeddable":true,"href":"https:\/\/avlo-deerlijk.be\/index.php?rest_route=%2Fwp%2Fv2%2Fproduct_cat&post=6417"},{"taxonomy":"product_tag","embeddable":true,"href":"https:\/\/avlo-deerlijk.be\/index.php?rest_route=%2Fwp%2Fv2%2Fproduct_tag&post=6417"}],"curies":[{"name":"wp","href":"https:\/\/api.w.org\/{rel}","templated":true}]}}