{"id":6391,"date":"2025-01-19T19:47:17","date_gmt":"2025-01-19T19:47:17","guid":{"rendered":"https:\/\/avlo-deerlijk.be\/?post_type=product&#038;p=3253"},"modified":"2025-06-08T20:28:28","modified_gmt":"2025-06-08T20:28:28","slug":"quiko-patee-aux-oeufs-speciale-1-kg","status":"publish","type":"product","link":"https:\/\/avlo-deerlijk.be\/?product=quiko-patee-aux-oeufs-speciale-1-kg&lang=fr","title":{"rendered":"Quiko &#8211; P\u00e2t\u00e9e aux \u0153ufs sp\u00e9ciale (1 kg)"},"content":{"rendered":"<div id=\"vJbcHxf3fpsZguVGkt7aD-user-message\" tabindex=\"0\" role=\"article\" data-tabster=\"{&quot;groupper&quot;:{&quot;tabbability&quot;:2},&quot;focusable&quot;:{}}\" aria-labelledby=\"vJbcHxf3fpsZguVGkt7aD-user-message\">\n<div class=\"flex w-full flex-col items-end\" data-content=\"user-message\"><span style=\"font-family: var(--global-body-font-family);\">Quiko Special est un aliment granul\u00e9 aux \u0153ufs de haute qualit\u00e9, sp\u00e9cialement con\u00e7u pour les canaris et les canaris de posture. Il contient les nutriments n\u00e9cessaires aux oiseaux jeunes et adultes pendant la p\u00e9riode de reproduction et de mue. Quiko Sp\u00e9cial peut \u00eatre donn\u00e9 comme aliment de conditionnement toute l&#8217;ann\u00e9e.<\/span><\/div>\n<\/div>\n<div tabindex=\"0\" role=\"article\" data-tabster=\"{&quot;groupper&quot;:{&quot;tabbability&quot;:2},&quot;focusable&quot;:{}}\" data-content=\"ai-message\" aria-labelledby=\"xfDuPCd7TML6AznQ17M3N-author} xfDuPCd7TML6AznQ17M3N-content-0\">\n<div id=\"xfDuPCd7TML6AznQ17M3N-content-0\" class=\"space-y-3 break-words\">\n<p>Une alimentation vari\u00e9e est particuli\u00e8rement importante pour vos oiseaux. Les aliments \u00e0 base de c\u00e9r\u00e9ales contiennent peu de prot\u00e9ines et de vitamines essentielles. Les aliments press\u00e9s et chauff\u00e9s n&#8217;offrent pas de vari\u00e9t\u00e9 et sont peu appr\u00e9ci\u00e9s des oiseaux. Par cons\u00e9quent, compl\u00e9tez l&#8217;alimentation conventionnelle avec des granul\u00e9s aux \u0153ufs Quiko pour augmenter l&#8217;apport en prot\u00e9ines et en vitamines. La plupart des oiseaux consommant d&#8217;abord des granul\u00e9s aux \u0153ufs, il est id\u00e9al d&#8217;y ajouter des vitamines ou des m\u00e9dicaments si n\u00e9cessaire.<\/p>\n<\/div>\n<\/div>\n<ul>\n<li>1 kg<\/li>\n<\/ul>\n<p>Plus de 50 ans de qualit\u00e9 &#8211; Fabriqu\u00e9 en Allemagne<\/p>\n","protected":false},"excerpt":{"rendered":"<p>Quiko Special est un aliment granul\u00e9 aux \u0153ufs de haute qualit\u00e9, sp\u00e9cialement con\u00e7u pour les canaris et les canaris de posture. Il contient les nutriments n\u00e9cessaires aux oiseaux jeunes et adultes pendant la p\u00e9riode de reproduction et de mue. Quiko Sp\u00e9cial peut \u00eatre donn\u00e9 comme aliment de conditionnement toute l&#8217;ann\u00e9e. Une alimentation vari\u00e9e est particuli\u00e8rement&#8230;<\/p>\n","protected":false},"featured_media":3254,"comment_status":"open","ping_status":"closed","template":"","meta":{"_uag_custom_page_level_css":"","_kad_post_transparent":"default","_kad_post_title":"","_kad_post_layout":"default","_kad_post_sidebar_id":"","_kad_post_content_style":"default","_kad_post_vertical_padding":"default","_kad_post_feature":"","_kad_post_feature_position":"","_kad_post_header":false,"_kad_post_footer":false,"_kad_post_classname":""},"product_brand":[525],"product_cat":[333],"product_tag":[],"class_list":{"0":"post-6391","1":"product","2":"type-product","3":"status-publish","4":"has-post-thumbnail","6":"product_brand-quiko___fr","7":"product_cat-patee-aux-oeufs","8":"product_shipping_class-lichte-pakketten","10":"first","11":"instock","12":"taxable","13":"shipping-taxable","14":"purchasable","15":"product-type-simple","16":"entry","17":"content-bg","18":"loop-entry"},"uagb_featured_image_src":{"full":["https:\/\/avlo-deerlijk.be\/wp-content\/uploads\/2025\/01\/Quiko-Special-Eggfood-1kg.webp",720,720,false],"thumbnail":["https:\/\/avlo-deerlijk.be\/wp-content\/uploads\/2025\/01\/Quiko-Special-Eggfood-1kg-50x50.webp",50,50,true],"medium":["https:\/\/avlo-deerlijk.be\/wp-content\/uploads\/2025\/01\/Quiko-Special-Eggfood-1kg-300x300.webp",300,300,true],"medium_large":["https:\/\/avlo-deerlijk.be\/wp-content\/uploads\/2025\/01\/Quiko-Special-Eggfood-1kg.webp",720,720,false],"large":["https:\/\/avlo-deerlijk.be\/wp-content\/uploads\/2025\/01\/Quiko-Special-Eggfood-1kg.webp",720,720,false],"1536x1536":["https:\/\/avlo-deerlijk.be\/wp-content\/uploads\/2025\/01\/Quiko-Special-Eggfood-1kg.webp",720,720,false],"2048x2048":["https:\/\/avlo-deerlijk.be\/wp-content\/uploads\/2025\/01\/Quiko-Special-Eggfood-1kg.webp",720,720,false],"woocommerce_thumbnail":["https:\/\/avlo-deerlijk.be\/wp-content\/uploads\/2025\/01\/Quiko-Special-Eggfood-1kg-600x600.webp",600,600,true],"woocommerce_single":["https:\/\/avlo-deerlijk.be\/wp-content\/uploads\/2025\/01\/Quiko-Special-Eggfood-1kg-600x600.webp",600,600,true],"woocommerce_gallery_thumbnail":["https:\/\/avlo-deerlijk.be\/wp-content\/uploads\/2025\/01\/Quiko-Special-Eggfood-1kg-100x100.webp",100,100,true]},"uagb_author_info":{"display_name":"admin","author_link":"https:\/\/avlo-deerlijk.be\/?author=0"},"uagb_comment_info":0,"uagb_excerpt":"Quiko Special est un aliment granul\u00e9 aux \u0153ufs de haute qualit\u00e9, sp\u00e9cialement con\u00e7u pour les canaris et les canaris de posture. Il contient les nutriments n\u00e9cessaires aux oiseaux jeunes et adultes pendant la p\u00e9riode de reproduction et de mue. Quiko Sp\u00e9cial peut \u00eatre donn\u00e9 comme aliment de conditionnement toute l&#8217;ann\u00e9e. Une alimentation vari\u00e9e est particuli\u00e8rement...","pll_sync_post":{},"lang":"fr","translations":{"fr":6391,"nl":3253},"_links":{"self":[{"href":"https:\/\/avlo-deerlijk.be\/index.php?rest_route=\/wp\/v2\/product\/6391","targetHints":{"allow":["GET"]}}],"collection":[{"href":"https:\/\/avlo-deerlijk.be\/index.php?rest_route=\/wp\/v2\/product"}],"about":[{"href":"https:\/\/avlo-deerlijk.be\/index.php?rest_route=\/wp\/v2\/types\/product"}],"replies":[{"embeddable":true,"href":"https:\/\/avlo-deerlijk.be\/index.php?rest_route=%2Fwp%2Fv2%2Fcomments&post=6391"}],"wp:featuredmedia":[{"embeddable":true,"href":"https:\/\/avlo-deerlijk.be\/index.php?rest_route=\/wp\/v2\/media\/3254"}],"wp:attachment":[{"href":"https:\/\/avlo-deerlijk.be\/index.php?rest_route=%2Fwp%2Fv2%2Fmedia&parent=6391"}],"wp:term":[{"taxonomy":"product_brand","embeddable":true,"href":"https:\/\/avlo-deerlijk.be\/index.php?rest_route=%2Fwp%2Fv2%2Fproduct_brand&post=6391"},{"taxonomy":"product_cat","embeddable":true,"href":"https:\/\/avlo-deerlijk.be\/index.php?rest_route=%2Fwp%2Fv2%2Fproduct_cat&post=6391"},{"taxonomy":"product_tag","embeddable":true,"href":"https:\/\/avlo-deerlijk.be\/index.php?rest_route=%2Fwp%2Fv2%2Fproduct_tag&post=6391"}],"curies":[{"name":"wp","href":"https:\/\/api.w.org\/{rel}","templated":true}]}}