{"id":6368,"date":"2025-01-28T17:13:35","date_gmt":"2025-01-28T17:13:35","guid":{"rendered":"https:\/\/avlo-deerlijk.be\/?post_type=product&#038;p=3453"},"modified":"2025-06-08T20:17:47","modified_gmt":"2025-06-08T20:17:47","slug":"cede-patee-aux-oeufs-rouge-5kg","status":"publish","type":"product","link":"https:\/\/avlo-deerlijk.be\/?product=cede-patee-aux-oeufs-rouge-5kg&lang=fr","title":{"rendered":"C\u00e9D\u00e9 &#8211; P\u00e2t\u00e9e aux \u0153ufs rouge (5kg)"},"content":{"rendered":"<p>P\u00e2t\u00e9e aux \u0153ufs Eggcellent pour canaris color\u00e9s<\/p>\n<p><\/strong><\/p>\n<p>Aliment compl\u00e9mentaire pour canaris color\u00e9s et oiseaux domestiques, dot\u00e9s du facteur rouge. La pr\u00e9sence de \u00df-carot\u00e8ne dans la p\u00e2t\u00e9e aux \u0153ufs pr\u00e9serve la couleur rouge du plumage. La p\u00e2t\u00e9e aux \u0153ufs C\u00e9D\u00e9, \u00e0 base de tourteau d&#8217;\u0153ufs C\u00e9D\u00e9 unique, contient tout ce dont vos oiseaux ont besoin pour une reproduction r\u00e9ussie. Donnez \u00e0 vos oiseaux la p\u00e2t\u00e9e aux \u0153ufs C\u00e9D\u00e9 rouge en compl\u00e9ment de leur alimentation principale pour compl\u00e9ter leur alimentation. Pour obtenir une couleur rouge intense, ajoutez le facteur rouge C\u00e9D\u00e9 Carored \u00e0 la p\u00e2t\u00e9e ou \u00e0 l&#8217;eau de boisson pendant la reproduction et la mue. Attention\u00a0: la p\u00e2t\u00e9e aux \u0153ufs n&#8217;est pas color\u00e9e en rouge\u00a0! Composition\u00a0: Produits de boulangerie, sous-produits v\u00e9g\u00e9taux, \u0153ufs et ovoproduits (31,4\u00a0% d&#8217;\u0153ufs*), c\u00e9r\u00e9ales, graines, sucre, huiles et graisses, extraits de prot\u00e9ines v\u00e9g\u00e9tales, min\u00e9raux. * R\u00e9hydrat\u00e9. Pourquoi mes oiseaux ont-ils besoin de p\u00e2t\u00e9e aux \u0153ufs\u00a0? Vous donnez sans doute d\u00e9j\u00e0 \u00e0 vos oiseaux un savoureux m\u00e9lange de graines, mais saviez-vous que celui-ci ne contient souvent pas tous les nutriments n\u00e9cessaires\u00a0? Cela peut entra\u00eener des carences nutritionnelles, notamment pendant la mue ou la reproduction. Offrez donc la p\u00e2t\u00e9e aux \u0153ufs C\u00e9D\u00e9 comme compl\u00e9ment nutritif et source de vitamines et de prot\u00e9ines animales suppl\u00e9mentaires\u00a0! Sa teneur \u00e9lev\u00e9e en prot\u00e9ines favorise la croissance, apporte une vitalit\u00e9 suppl\u00e9mentaire et, en plus, est d\u00e9licieuse pour vos oiseaux\u00a0! <\/p>\n<p><strong>Sp\u00e9cifications<\/strong><\/p>\n<ul>\n<li class=\"productDetailSpecification specificationColor{$color} fontScalingMobile\">Adapt\u00e9 aux besoins des canaris de toutes couleurs avec facteur rouge<\/li>\n<li class=\"productDetailSpecification specificationColor{$color} fontScalingMobile\">Avec du b\u00eata-carot\u00e8ne pour un plumage rouge optimal<\/li>\n<li class=\"productDetailSpecification specificationColor{$color} fontScalingMobile\">Compl\u00e9ment indispensable \u00e0 l&#8217;alimentation principale des oiseaux<\/li>\n<li class=\"productDetailSpecification specificationColor{$color} fontScalingMobile\">Avec une teneur \u00e9lev\u00e9e en prot\u00e9ines (17,5 %) pour une reproduction r\u00e9ussie et des oiseaux en pleine forme toute l&#8217;ann\u00e9e<\/li>\n<li class=\"productDetailSpecification specificationColor{$color} fontScalingMobile\">Bas\u00e9 sur le g\u00e2teau aux \u0153ufs C\u00e9D\u00e9 unique de la boulangerie C\u00e9D\u00e9<\/li>\n<li>5 kg<\/li>\n<\/ul>\n","protected":false},"excerpt":{"rendered":"<p>P\u00e2t\u00e9e aux \u0153ufs Eggcellent pour canaris color\u00e9s Aliment compl\u00e9mentaire pour canaris color\u00e9s et oiseaux domestiques, dot\u00e9s du facteur rouge. La pr\u00e9sence de \u00df-carot\u00e8ne dans la p\u00e2t\u00e9e aux \u0153ufs pr\u00e9serve la couleur rouge du plumage. La p\u00e2t\u00e9e aux \u0153ufs C\u00e9D\u00e9, \u00e0 base de tourteau d&#8217;\u0153ufs C\u00e9D\u00e9 unique, contient tout ce dont vos oiseaux ont besoin pour&#8230;<\/p>\n","protected":false},"featured_media":3456,"comment_status":"open","ping_status":"closed","template":"","meta":{"_uag_custom_page_level_css":"","_kad_post_transparent":"default","_kad_post_title":"","_kad_post_layout":"default","_kad_post_sidebar_id":"","_kad_post_content_style":"default","_kad_post_vertical_padding":"default","_kad_post_feature":"","_kad_post_feature_position":"","_kad_post_header":false,"_kad_post_footer":false,"_kad_post_classname":""},"product_brand":[671],"product_cat":[333],"product_tag":[],"class_list":{"0":"post-6368","1":"product","2":"type-product","3":"status-publish","4":"has-post-thumbnail","6":"product_brand-cede___fr","7":"product_cat-patee-aux-oeufs","8":"product_shipping_class-zware-of-grote-pakketten","10":"first","11":"instock","12":"taxable","13":"shipping-taxable","14":"purchasable","15":"product-type-simple","16":"entry","17":"content-bg","18":"loop-entry"},"uagb_featured_image_src":{"full":["https:\/\/avlo-deerlijk.be\/wp-content\/uploads\/2025\/01\/CeDe-eivoer-rood.jpg",1080,1080,false],"thumbnail":["https:\/\/avlo-deerlijk.be\/wp-content\/uploads\/2025\/01\/CeDe-eivoer-rood-50x50.jpg",50,50,true],"medium":["https:\/\/avlo-deerlijk.be\/wp-content\/uploads\/2025\/01\/CeDe-eivoer-rood-300x300.jpg",300,300,true],"medium_large":["https:\/\/avlo-deerlijk.be\/wp-content\/uploads\/2025\/01\/CeDe-eivoer-rood-768x768.jpg",768,768,true],"large":["https:\/\/avlo-deerlijk.be\/wp-content\/uploads\/2025\/01\/CeDe-eivoer-rood-1024x1024.jpg",1024,1024,true],"1536x1536":["https:\/\/avlo-deerlijk.be\/wp-content\/uploads\/2025\/01\/CeDe-eivoer-rood.jpg",1080,1080,false],"2048x2048":["https:\/\/avlo-deerlijk.be\/wp-content\/uploads\/2025\/01\/CeDe-eivoer-rood.jpg",1080,1080,false],"woocommerce_thumbnail":["https:\/\/avlo-deerlijk.be\/wp-content\/uploads\/2025\/01\/CeDe-eivoer-rood-600x600.jpg",600,600,true],"woocommerce_single":["https:\/\/avlo-deerlijk.be\/wp-content\/uploads\/2025\/01\/CeDe-eivoer-rood-600x600.jpg",600,600,true],"woocommerce_gallery_thumbnail":["https:\/\/avlo-deerlijk.be\/wp-content\/uploads\/2025\/01\/CeDe-eivoer-rood-100x100.jpg",100,100,true]},"uagb_author_info":{"display_name":"admin","author_link":"https:\/\/avlo-deerlijk.be\/?author=0"},"uagb_comment_info":0,"uagb_excerpt":"P\u00e2t\u00e9e aux \u0153ufs Eggcellent pour canaris color\u00e9s Aliment compl\u00e9mentaire pour canaris color\u00e9s et oiseaux domestiques, dot\u00e9s du facteur rouge. La pr\u00e9sence de \u00df-carot\u00e8ne dans la p\u00e2t\u00e9e aux \u0153ufs pr\u00e9serve la couleur rouge du plumage. La p\u00e2t\u00e9e aux \u0153ufs C\u00e9D\u00e9, \u00e0 base de tourteau d&#8217;\u0153ufs C\u00e9D\u00e9 unique, contient tout ce dont vos oiseaux ont besoin pour...","pll_sync_post":{},"lang":"fr","translations":{"fr":6368,"nl":3453},"_links":{"self":[{"href":"https:\/\/avlo-deerlijk.be\/index.php?rest_route=\/wp\/v2\/product\/6368","targetHints":{"allow":["GET"]}}],"collection":[{"href":"https:\/\/avlo-deerlijk.be\/index.php?rest_route=\/wp\/v2\/product"}],"about":[{"href":"https:\/\/avlo-deerlijk.be\/index.php?rest_route=\/wp\/v2\/types\/product"}],"replies":[{"embeddable":true,"href":"https:\/\/avlo-deerlijk.be\/index.php?rest_route=%2Fwp%2Fv2%2Fcomments&post=6368"}],"wp:featuredmedia":[{"embeddable":true,"href":"https:\/\/avlo-deerlijk.be\/index.php?rest_route=\/wp\/v2\/media\/3456"}],"wp:attachment":[{"href":"https:\/\/avlo-deerlijk.be\/index.php?rest_route=%2Fwp%2Fv2%2Fmedia&parent=6368"}],"wp:term":[{"taxonomy":"product_brand","embeddable":true,"href":"https:\/\/avlo-deerlijk.be\/index.php?rest_route=%2Fwp%2Fv2%2Fproduct_brand&post=6368"},{"taxonomy":"product_cat","embeddable":true,"href":"https:\/\/avlo-deerlijk.be\/index.php?rest_route=%2Fwp%2Fv2%2Fproduct_cat&post=6368"},{"taxonomy":"product_tag","embeddable":true,"href":"https:\/\/avlo-deerlijk.be\/index.php?rest_route=%2Fwp%2Fv2%2Fproduct_tag&post=6368"}],"curies":[{"name":"wp","href":"https:\/\/api.w.org\/{rel}","templated":true}]}}