{"id":6363,"date":"2025-01-28T17:42:42","date_gmt":"2025-01-28T17:42:42","guid":{"rendered":"https:\/\/avlo-deerlijk.be\/?post_type=product&#038;p=3473"},"modified":"2025-06-08T20:17:54","modified_gmt":"2025-06-08T20:17:54","slug":"cede-granule-universel-pour-oiseaux-1kg","status":"publish","type":"product","link":"https:\/\/avlo-deerlijk.be\/?product=cede-granule-universel-pour-oiseaux-1kg&lang=fr","title":{"rendered":"C\u00e9D\u00e9 &#8211; Granul\u00e9 universel pour oiseaux (1kg)"},"content":{"rendered":"<p><strong>Granul\u00e9s pr\u00eats \u00e0 l&#8217;emploi, aliment complet pour la bonne sant\u00e9 de tous les oiseaux d&#8217;ornement<\/strong><\/p>\n<p>Aliment complet pour oiseaux d&#8217;ornement. Un aliment complet aux prot\u00e9ines de haute qualit\u00e9 qui contient tout ce dont vos oiseaux ont besoin. Ce granul\u00e9 universel maintient vos oiseaux en pleine forme\u00a0! Composition\u00a0: Sous-produits v\u00e9g\u00e9taux (dont tourteau de colza*, graines de soja grill\u00e9es* et tourteau de soja*), c\u00e9r\u00e9ales, sucre, l\u00e9gumes, min\u00e9raux, huiles et graisses (dont huile de soja brute*), fruits (10,3\u00a0% de baies de geni\u00e8vre**). * Ce produit est fabriqu\u00e9 \u00e0 partir de graines de soja, de colza et de navet g\u00e9n\u00e9tiquement modifi\u00e9es. ** R\u00e9hydrat\u00e9.<\/p>\n<p><strong>Sp\u00e9cifications<\/strong><\/p>\n<ul>\n<li class=\"productDetailSpecification specificationColor{$color} fontScalingMobile\">Aliment complet pour une condition physique optimale toute l&#8217;ann\u00e9e<\/li>\n<li class=\"productDetailSpecification specificationColor{$color} fontScalingMobile\">Pour toutes les esp\u00e8ces d&#8217;oiseaux<\/li>\n<li class=\"productDetailSpecification specificationColor{$color} fontScalingMobile\">Aux baies de geni\u00e8vre<\/li>\n<li class=\"productDetailSpecification specificationColor{$color} fontScalingMobile\">Avec des prot\u00e9ines de haute qualit\u00e9<\/li>\n<li class=\"productDetailSpecification specificationColor{$color} fontScalingMobile\">Granul\u00e9s facilement assimilables<\/li>\n<li>1 kg<\/li>\n<\/ul>\n","protected":false},"excerpt":{"rendered":"<p>Granul\u00e9s pr\u00eats \u00e0 l&#8217;emploi, aliment complet pour la bonne sant\u00e9 de tous les oiseaux d&#8217;ornement Aliment complet pour oiseaux d&#8217;ornement. Un aliment complet aux prot\u00e9ines de haute qualit\u00e9 qui contient tout ce dont vos oiseaux ont besoin. Ce granul\u00e9 universel maintient vos oiseaux en pleine forme\u00a0! Composition\u00a0: Sous-produits v\u00e9g\u00e9taux (dont tourteau de colza*, graines de&#8230;<\/p>\n","protected":false},"featured_media":3476,"comment_status":"open","ping_status":"closed","template":"","meta":{"_uag_custom_page_level_css":"","_kad_post_transparent":"default","_kad_post_title":"","_kad_post_layout":"default","_kad_post_sidebar_id":"","_kad_post_content_style":"default","_kad_post_vertical_padding":"default","_kad_post_feature":"","_kad_post_feature_position":"","_kad_post_header":false,"_kad_post_footer":false,"_kad_post_classname":""},"product_brand":[671],"product_cat":[333],"product_tag":[],"class_list":{"0":"post-6363","1":"product","2":"type-product","3":"status-publish","4":"has-post-thumbnail","6":"product_brand-cede___fr","7":"product_cat-patee-aux-oeufs","8":"product_shipping_class-lichte-pakketten","10":"first","11":"instock","12":"taxable","13":"shipping-taxable","14":"purchasable","15":"product-type-simple","16":"entry","17":"content-bg","18":"loop-entry"},"uagb_featured_image_src":{"full":["https:\/\/avlo-deerlijk.be\/wp-content\/uploads\/2025\/01\/CeDe-universele-vogelkorrel.jpg",1080,1080,false],"thumbnail":["https:\/\/avlo-deerlijk.be\/wp-content\/uploads\/2025\/01\/CeDe-universele-vogelkorrel-50x50.jpg",50,50,true],"medium":["https:\/\/avlo-deerlijk.be\/wp-content\/uploads\/2025\/01\/CeDe-universele-vogelkorrel-300x300.jpg",300,300,true],"medium_large":["https:\/\/avlo-deerlijk.be\/wp-content\/uploads\/2025\/01\/CeDe-universele-vogelkorrel-768x768.jpg",768,768,true],"large":["https:\/\/avlo-deerlijk.be\/wp-content\/uploads\/2025\/01\/CeDe-universele-vogelkorrel-1024x1024.jpg",1024,1024,true],"1536x1536":["https:\/\/avlo-deerlijk.be\/wp-content\/uploads\/2025\/01\/CeDe-universele-vogelkorrel.jpg",1080,1080,false],"2048x2048":["https:\/\/avlo-deerlijk.be\/wp-content\/uploads\/2025\/01\/CeDe-universele-vogelkorrel.jpg",1080,1080,false],"woocommerce_thumbnail":["https:\/\/avlo-deerlijk.be\/wp-content\/uploads\/2025\/01\/CeDe-universele-vogelkorrel-600x600.jpg",600,600,true],"woocommerce_single":["https:\/\/avlo-deerlijk.be\/wp-content\/uploads\/2025\/01\/CeDe-universele-vogelkorrel-600x600.jpg",600,600,true],"woocommerce_gallery_thumbnail":["https:\/\/avlo-deerlijk.be\/wp-content\/uploads\/2025\/01\/CeDe-universele-vogelkorrel-100x100.jpg",100,100,true]},"uagb_author_info":{"display_name":"admin","author_link":"https:\/\/avlo-deerlijk.be\/?author=0"},"uagb_comment_info":0,"uagb_excerpt":"Granul\u00e9s pr\u00eats \u00e0 l&#8217;emploi, aliment complet pour la bonne sant\u00e9 de tous les oiseaux d&#8217;ornement Aliment complet pour oiseaux d&#8217;ornement. Un aliment complet aux prot\u00e9ines de haute qualit\u00e9 qui contient tout ce dont vos oiseaux ont besoin. Ce granul\u00e9 universel maintient vos oiseaux en pleine forme\u00a0! Composition\u00a0: Sous-produits v\u00e9g\u00e9taux (dont tourteau de colza*, graines de...","pll_sync_post":{},"lang":"fr","translations":{"fr":6363,"nl":3473},"_links":{"self":[{"href":"https:\/\/avlo-deerlijk.be\/index.php?rest_route=\/wp\/v2\/product\/6363","targetHints":{"allow":["GET"]}}],"collection":[{"href":"https:\/\/avlo-deerlijk.be\/index.php?rest_route=\/wp\/v2\/product"}],"about":[{"href":"https:\/\/avlo-deerlijk.be\/index.php?rest_route=\/wp\/v2\/types\/product"}],"replies":[{"embeddable":true,"href":"https:\/\/avlo-deerlijk.be\/index.php?rest_route=%2Fwp%2Fv2%2Fcomments&post=6363"}],"wp:featuredmedia":[{"embeddable":true,"href":"https:\/\/avlo-deerlijk.be\/index.php?rest_route=\/wp\/v2\/media\/3476"}],"wp:attachment":[{"href":"https:\/\/avlo-deerlijk.be\/index.php?rest_route=%2Fwp%2Fv2%2Fmedia&parent=6363"}],"wp:term":[{"taxonomy":"product_brand","embeddable":true,"href":"https:\/\/avlo-deerlijk.be\/index.php?rest_route=%2Fwp%2Fv2%2Fproduct_brand&post=6363"},{"taxonomy":"product_cat","embeddable":true,"href":"https:\/\/avlo-deerlijk.be\/index.php?rest_route=%2Fwp%2Fv2%2Fproduct_cat&post=6363"},{"taxonomy":"product_tag","embeddable":true,"href":"https:\/\/avlo-deerlijk.be\/index.php?rest_route=%2Fwp%2Fv2%2Fproduct_tag&post=6363"}],"curies":[{"name":"wp","href":"https:\/\/api.w.org\/{rel}","templated":true}]}}