{"id":6362,"date":"2025-01-28T17:52:12","date_gmt":"2025-01-28T17:52:12","guid":{"rendered":"https:\/\/avlo-deerlijk.be\/?post_type=product&#038;p=3477"},"modified":"2025-06-08T20:19:45","modified_gmt":"2025-06-08T20:19:45","slug":"expert-pate-aux-oeufs-originale-1kg","status":"publish","type":"product","link":"https:\/\/avlo-deerlijk.be\/?product=expert-pate-aux-oeufs-originale-1kg&lang=fr","title":{"rendered":"EXPERT &#8211; P\u00c2TE AUX \u0152UFS ORIGINALE (1kg)"},"content":{"rendered":"<p class=\"h5 mb-3\"><strong>Aliment compl\u00e9mentaire pr\u00eat \u00e0 l&#8217;emploi en vrac, selon la recette originale, pour tous les oiseaux granivores<\/strong><\/p>\n<p>La p\u00e2t\u00e9e humide aux \u0153ufs Witte Molen est une p\u00e2t\u00e9e tr\u00e8s appr\u00e9ci\u00e9e par diverses esp\u00e8ces d&#8217;oiseaux. Elle contient des acides amin\u00e9s ajout\u00e9s pour r\u00e9pondre efficacement aux besoins en prot\u00e9ines. Elle peut \u00eatre donn\u00e9e telle quelle, mais peut \u00e9galement \u00eatre m\u00e9lang\u00e9e \u00e0 d&#8217;autres p\u00e2t\u00e9es ou, par exemple, \u00e0 des graines germ\u00e9es.<\/p>\n<p><strong><\/p>\n<p>Sp\u00e9cifications<\/strong><\/p>\n<ul>\n<li>Haute acceptation<\/li>\n<li>Avec acides amin\u00e9s ajout\u00e9s<\/li>\n<li>Pr\u00eat \u00e0 l&#8217;emploi<\/li>\n<li>Id\u00e9al pendant la mue et la reproduction<\/li>\n<li>Contribue \u00e0 une croissance et une formation de plumes optimales<\/li>\n<li>1 kg (\u00e9galement disponible en 5 kg et 10 kg)<\/li>\n<\/ul>\n","protected":false},"excerpt":{"rendered":"<p>Aliment compl\u00e9mentaire pr\u00eat \u00e0 l&#8217;emploi en vrac, selon la recette originale, pour tous les oiseaux granivores La p\u00e2t\u00e9e humide aux \u0153ufs Witte Molen est une p\u00e2t\u00e9e tr\u00e8s appr\u00e9ci\u00e9e par diverses esp\u00e8ces d&#8217;oiseaux. Elle contient des acides amin\u00e9s ajout\u00e9s pour r\u00e9pondre efficacement aux besoins en prot\u00e9ines. Elle peut \u00eatre donn\u00e9e telle quelle, mais peut \u00e9galement \u00eatre&#8230;<\/p>\n","protected":false},"featured_media":3481,"comment_status":"open","ping_status":"closed","template":"","meta":{"_uag_custom_page_level_css":"","_kad_post_transparent":"default","_kad_post_title":"","_kad_post_layout":"default","_kad_post_sidebar_id":"","_kad_post_content_style":"default","_kad_post_vertical_padding":"default","_kad_post_feature":"","_kad_post_feature_position":"","_kad_post_header":false,"_kad_post_footer":false,"_kad_post_classname":""},"product_brand":[],"product_cat":[333],"product_tag":[],"class_list":{"0":"post-6362","1":"product","2":"type-product","3":"status-publish","4":"has-post-thumbnail","6":"product_cat-patee-aux-oeufs","7":"product_shipping_class-lichte-pakketten","9":"first","10":"instock","11":"taxable","12":"shipping-taxable","13":"purchasable","14":"product-type-simple","15":"entry","16":"content-bg","17":"loop-entry"},"uagb_featured_image_src":{"full":["https:\/\/avlo-deerlijk.be\/wp-content\/uploads\/2025\/01\/EXPERT-EIVOER-ORIGINAL-1kg.jpg",1080,1080,false],"thumbnail":["https:\/\/avlo-deerlijk.be\/wp-content\/uploads\/2025\/01\/EXPERT-EIVOER-ORIGINAL-1kg-50x50.jpg",50,50,true],"medium":["https:\/\/avlo-deerlijk.be\/wp-content\/uploads\/2025\/01\/EXPERT-EIVOER-ORIGINAL-1kg-300x300.jpg",300,300,true],"medium_large":["https:\/\/avlo-deerlijk.be\/wp-content\/uploads\/2025\/01\/EXPERT-EIVOER-ORIGINAL-1kg-768x768.jpg",768,768,true],"large":["https:\/\/avlo-deerlijk.be\/wp-content\/uploads\/2025\/01\/EXPERT-EIVOER-ORIGINAL-1kg-1024x1024.jpg",1024,1024,true],"1536x1536":["https:\/\/avlo-deerlijk.be\/wp-content\/uploads\/2025\/01\/EXPERT-EIVOER-ORIGINAL-1kg.jpg",1080,1080,false],"2048x2048":["https:\/\/avlo-deerlijk.be\/wp-content\/uploads\/2025\/01\/EXPERT-EIVOER-ORIGINAL-1kg.jpg",1080,1080,false],"woocommerce_thumbnail":["https:\/\/avlo-deerlijk.be\/wp-content\/uploads\/2025\/01\/EXPERT-EIVOER-ORIGINAL-1kg-600x600.jpg",600,600,true],"woocommerce_single":["https:\/\/avlo-deerlijk.be\/wp-content\/uploads\/2025\/01\/EXPERT-EIVOER-ORIGINAL-1kg-600x600.jpg",600,600,true],"woocommerce_gallery_thumbnail":["https:\/\/avlo-deerlijk.be\/wp-content\/uploads\/2025\/01\/EXPERT-EIVOER-ORIGINAL-1kg-100x100.jpg",100,100,true]},"uagb_author_info":{"display_name":"admin","author_link":"https:\/\/avlo-deerlijk.be\/?author=0"},"uagb_comment_info":0,"uagb_excerpt":"Aliment compl\u00e9mentaire pr\u00eat \u00e0 l&#8217;emploi en vrac, selon la recette originale, pour tous les oiseaux granivores La p\u00e2t\u00e9e humide aux \u0153ufs Witte Molen est une p\u00e2t\u00e9e tr\u00e8s appr\u00e9ci\u00e9e par diverses esp\u00e8ces d&#8217;oiseaux. Elle contient des acides amin\u00e9s ajout\u00e9s pour r\u00e9pondre efficacement aux besoins en prot\u00e9ines. Elle peut \u00eatre donn\u00e9e telle quelle, mais peut \u00e9galement \u00eatre...","pll_sync_post":{},"lang":"fr","translations":{"fr":6362,"nl":3477},"_links":{"self":[{"href":"https:\/\/avlo-deerlijk.be\/index.php?rest_route=\/wp\/v2\/product\/6362","targetHints":{"allow":["GET"]}}],"collection":[{"href":"https:\/\/avlo-deerlijk.be\/index.php?rest_route=\/wp\/v2\/product"}],"about":[{"href":"https:\/\/avlo-deerlijk.be\/index.php?rest_route=\/wp\/v2\/types\/product"}],"replies":[{"embeddable":true,"href":"https:\/\/avlo-deerlijk.be\/index.php?rest_route=%2Fwp%2Fv2%2Fcomments&post=6362"}],"wp:featuredmedia":[{"embeddable":true,"href":"https:\/\/avlo-deerlijk.be\/index.php?rest_route=\/wp\/v2\/media\/3481"}],"wp:attachment":[{"href":"https:\/\/avlo-deerlijk.be\/index.php?rest_route=%2Fwp%2Fv2%2Fmedia&parent=6362"}],"wp:term":[{"taxonomy":"product_brand","embeddable":true,"href":"https:\/\/avlo-deerlijk.be\/index.php?rest_route=%2Fwp%2Fv2%2Fproduct_brand&post=6362"},{"taxonomy":"product_cat","embeddable":true,"href":"https:\/\/avlo-deerlijk.be\/index.php?rest_route=%2Fwp%2Fv2%2Fproduct_cat&post=6362"},{"taxonomy":"product_tag","embeddable":true,"href":"https:\/\/avlo-deerlijk.be\/index.php?rest_route=%2Fwp%2Fv2%2Fproduct_tag&post=6362"}],"curies":[{"name":"wp","href":"https:\/\/api.w.org\/{rel}","templated":true}]}}