{"id":6299,"date":"2025-02-08T15:27:49","date_gmt":"2025-02-08T15:27:49","guid":{"rendered":"https:\/\/avlo-deerlijk.be\/?post_type=product&#038;p=4109"},"modified":"2025-06-08T20:20:25","modified_gmt":"2025-06-08T20:20:25","slug":"spray-protecteur-anti-poux-goldbird-500-ml","status":"publish","type":"product","link":"https:\/\/avlo-deerlijk.be\/?product=spray-protecteur-anti-poux-goldbird-500-ml&lang=fr","title":{"rendered":"Spray protecteur anti-poux Goldbird (500 ml)"},"content":{"rendered":"<p>Le spray protecteur anti-poux est une solution pr\u00eate \u00e0 l&#8217;emploi \u00e0 base de dioxyde de silicium. Les petits cristaux qu&#8217;il contient ont un effet abrasif. Lorsque les poux rouges se d\u00e9placent vers les oiseaux pour se nourrir, ils s&#8217;abrasent et se dess\u00e8chent. Le spray protecteur anti-poux est tr\u00e8s important en association avec Goldbird Licefree Oral Activ pour lutter contre les poux rouges dans les cages et les voli\u00e8res.<\/p>\n<ul>\n<li>500 ml<\/li>\n<\/ul>\n<p><b>Utilisation<\/b><\/p>\n<p>Couvrir ou retirer les mangeoires et les abreuvoirs avant d&#8217;appliquer le produit. Pulv\u00e9riser \u00e0 l&#8217;aide d&#8217;un pulv\u00e9risateur manuel ou d&#8217;un pulv\u00e9risateur \u00e0 pression \u00e0 une distance de 30 cm de toutes les surfaces des perchoirs, des nids et du fond des nichoirs\u00a0; traiter \u00e9galement tous les coins, fissures et crevasses o\u00f9 les poux rouges pourraient \u00eatre pr\u00e9sents. R\u00e9p\u00e9ter le traitement d\u00e8s que les poux rouges r\u00e9apparaissent ou lorsque la couche blanche de poudre menace d&#8217;\u00eatre recouverte de poussi\u00e8re. <\/p>\n<p><b>Conservation<\/b><\/p>\n<p>Conserver dans un endroit frais et sec.<\/p>\n<p><b>Composition<\/b><\/p>\n<p>Dioxyde de silicium<\/p>\n","protected":false},"excerpt":{"rendered":"<p>Le spray protecteur anti-poux est une solution pr\u00eate \u00e0 l&#8217;emploi \u00e0 base de dioxyde de silicium. Les petits cristaux qu&#8217;il contient ont un effet abrasif. Lorsque les poux rouges se d\u00e9placent vers les oiseaux pour se nourrir, ils s&#8217;abrasent et se dess\u00e8chent. Le spray protecteur anti-poux est tr\u00e8s important en association avec Goldbird Licefree Oral&#8230;<\/p>\n","protected":false},"featured_media":4111,"comment_status":"open","ping_status":"closed","template":"","meta":{"_uag_custom_page_level_css":"","_kad_post_transparent":"default","_kad_post_title":"","_kad_post_layout":"default","_kad_post_sidebar_id":"","_kad_post_content_style":"default","_kad_post_vertical_padding":"default","_kad_post_feature":"","_kad_post_feature_position":"","_kad_post_header":false,"_kad_post_footer":false,"_kad_post_classname":""},"product_brand":[],"product_cat":[413],"product_tag":[],"class_list":{"0":"post-6299","1":"product","2":"type-product","3":"status-publish","4":"has-post-thumbnail","6":"product_cat-poux-rouges-insectes","7":"product_shipping_class-lichte-pakketten","9":"first","10":"instock","11":"taxable","12":"shipping-taxable","13":"purchasable","14":"product-type-simple","15":"entry","16":"content-bg","17":"loop-entry"},"uagb_featured_image_src":{"full":["https:\/\/avlo-deerlijk.be\/wp-content\/uploads\/2025\/02\/Goldbird-Licefree-Protect-Spray.png",1620,1620,false],"thumbnail":["https:\/\/avlo-deerlijk.be\/wp-content\/uploads\/2025\/02\/Goldbird-Licefree-Protect-Spray-50x50.png",50,50,true],"medium":["https:\/\/avlo-deerlijk.be\/wp-content\/uploads\/2025\/02\/Goldbird-Licefree-Protect-Spray-300x300.png",300,300,true],"medium_large":["https:\/\/avlo-deerlijk.be\/wp-content\/uploads\/2025\/02\/Goldbird-Licefree-Protect-Spray-768x768.png",768,768,true],"large":["https:\/\/avlo-deerlijk.be\/wp-content\/uploads\/2025\/02\/Goldbird-Licefree-Protect-Spray-1024x1024.png",1024,1024,true],"1536x1536":["https:\/\/avlo-deerlijk.be\/wp-content\/uploads\/2025\/02\/Goldbird-Licefree-Protect-Spray-1536x1536.png",1536,1536,true],"2048x2048":["https:\/\/avlo-deerlijk.be\/wp-content\/uploads\/2025\/02\/Goldbird-Licefree-Protect-Spray.png",1620,1620,false],"woocommerce_thumbnail":["https:\/\/avlo-deerlijk.be\/wp-content\/uploads\/2025\/02\/Goldbird-Licefree-Protect-Spray-600x600.png",600,600,true],"woocommerce_single":["https:\/\/avlo-deerlijk.be\/wp-content\/uploads\/2025\/02\/Goldbird-Licefree-Protect-Spray-600x600.png",600,600,true],"woocommerce_gallery_thumbnail":["https:\/\/avlo-deerlijk.be\/wp-content\/uploads\/2025\/02\/Goldbird-Licefree-Protect-Spray-100x100.png",100,100,true]},"uagb_author_info":{"display_name":"admin","author_link":"https:\/\/avlo-deerlijk.be\/?author=0"},"uagb_comment_info":0,"uagb_excerpt":"Le spray protecteur anti-poux est une solution pr\u00eate \u00e0 l&#8217;emploi \u00e0 base de dioxyde de silicium. Les petits cristaux qu&#8217;il contient ont un effet abrasif. Lorsque les poux rouges se d\u00e9placent vers les oiseaux pour se nourrir, ils s&#8217;abrasent et se dess\u00e8chent. Le spray protecteur anti-poux est tr\u00e8s important en association avec Goldbird Licefree Oral...","pll_sync_post":[],"lang":"fr","translations":{"fr":6299,"nl":4109},"_links":{"self":[{"href":"https:\/\/avlo-deerlijk.be\/index.php?rest_route=\/wp\/v2\/product\/6299","targetHints":{"allow":["GET"]}}],"collection":[{"href":"https:\/\/avlo-deerlijk.be\/index.php?rest_route=\/wp\/v2\/product"}],"about":[{"href":"https:\/\/avlo-deerlijk.be\/index.php?rest_route=\/wp\/v2\/types\/product"}],"replies":[{"embeddable":true,"href":"https:\/\/avlo-deerlijk.be\/index.php?rest_route=%2Fwp%2Fv2%2Fcomments&post=6299"}],"wp:featuredmedia":[{"embeddable":true,"href":"https:\/\/avlo-deerlijk.be\/index.php?rest_route=\/wp\/v2\/media\/4111"}],"wp:attachment":[{"href":"https:\/\/avlo-deerlijk.be\/index.php?rest_route=%2Fwp%2Fv2%2Fmedia&parent=6299"}],"wp:term":[{"taxonomy":"product_brand","embeddable":true,"href":"https:\/\/avlo-deerlijk.be\/index.php?rest_route=%2Fwp%2Fv2%2Fproduct_brand&post=6299"},{"taxonomy":"product_cat","embeddable":true,"href":"https:\/\/avlo-deerlijk.be\/index.php?rest_route=%2Fwp%2Fv2%2Fproduct_cat&post=6299"},{"taxonomy":"product_tag","embeddable":true,"href":"https:\/\/avlo-deerlijk.be\/index.php?rest_route=%2Fwp%2Fv2%2Fproduct_tag&post=6299"}],"curies":[{"name":"wp","href":"https:\/\/api.w.org\/{rel}","templated":true}]}}