{"id":6295,"date":"2025-02-08T15:51:11","date_gmt":"2025-02-08T15:51:11","guid":{"rendered":"https:\/\/avlo-deerlijk.be\/?post_type=product&#038;p=4118"},"modified":"2026-01-25T20:49:01","modified_gmt":"2026-01-25T20:49:01","slug":"suskewiet-spray-aerien-180-ml","status":"publish","type":"product","link":"https:\/\/avlo-deerlijk.be\/?product=suskewiet-spray-aerien-180-ml&lang=fr","title":{"rendered":"Suskewiet &#8211; Spray a\u00e9rien (180 ml)"},"content":{"rendered":"<div dir=\"auto\">\n<p>Un spray rafra\u00eechissant et purifiant aux ingr\u00e9dients naturels pour une protection pr\u00e9ventive contre les parasites ind\u00e9sirables tels que les poux, les mites et les moustiques. Favorise les voies respiratoires pour un bon chant.<\/p>\n<ul>\n<li>180 ml<\/li>\n<\/ul>\n<p><b>Utilisation<\/b><\/p>\n<p>Vaporiser une fois sur le fond de la cage, apr\u00e8s chaque changement de liti\u00e8re.<\/p>\n<p><b>Conservation<\/b><\/p>\n<p>Conserver dans un endroit frais et sec. <\/p>\n<p><b>Composition<\/b><\/p>\n<p>Alcool isopropylique (CAS 67-63-0), extraits de plantes (Eucalyptus globolus, Citrus limonum, Metha Arvensis, Cinnamomum camphora, Pinus sylvestris, Caryophyllus Aromaticus, Caryophyllus spiceus, Lavendula vera, Thymus vulgaris).<\/p>\n<\/div>\n","protected":false},"excerpt":{"rendered":"<p>Un spray rafra\u00eechissant et purifiant aux ingr\u00e9dients naturels pour une protection pr\u00e9ventive contre les parasites ind\u00e9sirables tels que les poux, les mites et les moustiques. Favorise les voies respiratoires pour un bon chant. 180 ml Utilisation Vaporiser une fois sur le fond de la cage, apr\u00e8s chaque changement de liti\u00e8re. Conservation Conserver dans un endroit&#8230;<\/p>\n","protected":false},"featured_media":4119,"comment_status":"open","ping_status":"closed","template":"","meta":{"_uag_custom_page_level_css":"","_kad_post_transparent":"default","_kad_post_title":"","_kad_post_layout":"default","_kad_post_sidebar_id":"","_kad_post_content_style":"default","_kad_post_vertical_padding":"default","_kad_post_feature":"","_kad_post_feature_position":"","_kad_post_header":false,"_kad_post_footer":false,"_kad_post_classname":""},"product_brand":[594],"product_cat":[337],"product_tag":[],"class_list":{"0":"post-6295","1":"product","2":"type-product","3":"status-publish","4":"has-post-thumbnail","6":"product_brand-suskewiet___fr","7":"product_cat-suskewiet-fr","8":"product_shipping_class-lichte-pakketten","10":"first","11":"instock","12":"taxable","13":"shipping-taxable","14":"purchasable","15":"product-type-simple","16":"entry","17":"content-bg","18":"loop-entry"},"uagb_featured_image_src":{"full":["https:\/\/avlo-deerlijk.be\/wp-content\/uploads\/2025\/02\/Suskewiet-air-spray.png",1620,1620,false],"thumbnail":["https:\/\/avlo-deerlijk.be\/wp-content\/uploads\/2025\/02\/Suskewiet-air-spray-50x50.png",50,50,true],"medium":["https:\/\/avlo-deerlijk.be\/wp-content\/uploads\/2025\/02\/Suskewiet-air-spray-300x300.png",300,300,true],"medium_large":["https:\/\/avlo-deerlijk.be\/wp-content\/uploads\/2025\/02\/Suskewiet-air-spray-768x768.png",768,768,true],"large":["https:\/\/avlo-deerlijk.be\/wp-content\/uploads\/2025\/02\/Suskewiet-air-spray-1024x1024.png",1024,1024,true],"1536x1536":["https:\/\/avlo-deerlijk.be\/wp-content\/uploads\/2025\/02\/Suskewiet-air-spray-1536x1536.png",1536,1536,true],"2048x2048":["https:\/\/avlo-deerlijk.be\/wp-content\/uploads\/2025\/02\/Suskewiet-air-spray.png",1620,1620,false],"woocommerce_thumbnail":["https:\/\/avlo-deerlijk.be\/wp-content\/uploads\/2025\/02\/Suskewiet-air-spray-600x600.png",600,600,true],"woocommerce_single":["https:\/\/avlo-deerlijk.be\/wp-content\/uploads\/2025\/02\/Suskewiet-air-spray-600x600.png",600,600,true],"woocommerce_gallery_thumbnail":["https:\/\/avlo-deerlijk.be\/wp-content\/uploads\/2025\/02\/Suskewiet-air-spray-100x100.png",100,100,true]},"uagb_author_info":{"display_name":"admin","author_link":"https:\/\/avlo-deerlijk.be\/?author=0"},"uagb_comment_info":0,"uagb_excerpt":"Un spray rafra\u00eechissant et purifiant aux ingr\u00e9dients naturels pour une protection pr\u00e9ventive contre les parasites ind\u00e9sirables tels que les poux, les mites et les moustiques. Favorise les voies respiratoires pour un bon chant. 180 ml Utilisation Vaporiser une fois sur le fond de la cage, apr\u00e8s chaque changement de liti\u00e8re. Conservation Conserver dans un endroit...","pll_sync_post":{},"lang":"fr","translations":{"fr":6295,"nl":4118},"_links":{"self":[{"href":"https:\/\/avlo-deerlijk.be\/index.php?rest_route=\/wp\/v2\/product\/6295","targetHints":{"allow":["GET"]}}],"collection":[{"href":"https:\/\/avlo-deerlijk.be\/index.php?rest_route=\/wp\/v2\/product"}],"about":[{"href":"https:\/\/avlo-deerlijk.be\/index.php?rest_route=\/wp\/v2\/types\/product"}],"replies":[{"embeddable":true,"href":"https:\/\/avlo-deerlijk.be\/index.php?rest_route=%2Fwp%2Fv2%2Fcomments&post=6295"}],"wp:featuredmedia":[{"embeddable":true,"href":"https:\/\/avlo-deerlijk.be\/index.php?rest_route=\/wp\/v2\/media\/4119"}],"wp:attachment":[{"href":"https:\/\/avlo-deerlijk.be\/index.php?rest_route=%2Fwp%2Fv2%2Fmedia&parent=6295"}],"wp:term":[{"taxonomy":"product_brand","embeddable":true,"href":"https:\/\/avlo-deerlijk.be\/index.php?rest_route=%2Fwp%2Fv2%2Fproduct_brand&post=6295"},{"taxonomy":"product_cat","embeddable":true,"href":"https:\/\/avlo-deerlijk.be\/index.php?rest_route=%2Fwp%2Fv2%2Fproduct_cat&post=6295"},{"taxonomy":"product_tag","embeddable":true,"href":"https:\/\/avlo-deerlijk.be\/index.php?rest_route=%2Fwp%2Fv2%2Fproduct_tag&post=6295"}],"curies":[{"name":"wp","href":"https:\/\/api.w.org\/{rel}","templated":true}]}}