{"id":6293,"date":"2025-02-08T16:00:32","date_gmt":"2025-02-08T16:00:32","guid":{"rendered":"https:\/\/avlo-deerlijk.be\/?post_type=product&#038;p=4122"},"modified":"2026-01-25T20:47:17","modified_gmt":"2026-01-25T20:47:17","slug":"suskewiet-digest-forte-1-100-g","status":"publish","type":"product","link":"https:\/\/avlo-deerlijk.be\/?product=suskewiet-digest-forte-1-100-g&lang=fr","title":{"rendered":"Suskewiet &#8211; Digest Forte 1 (100 g)"},"content":{"rendered":"<p>Gr\u00e2ce \u00e0 la forte concentration en bact\u00e9ries lactiques et butyriques de haute qualit\u00e9 de ce compl\u00e9ment, vous cr\u00e9ez une base id\u00e9ale pour une bonne fonction intestinale. L&#8217;utilisation de Suskewiet Digest Forte 1 assure une r\u00e9cup\u00e9ration rapide du syst\u00e8me digestif des pinsons apr\u00e8s un traitement. De plus, il a \u00e9t\u00e9 prouv\u00e9 que ce compl\u00e9ment am\u00e9liore l&#8217;\u00e9tat des pinsons apr\u00e8s 10 jours cons\u00e9cutifs. Un fait int\u00e9ressant pendant la saison de reproduction des pinsons. <\/p>\n<ul>\n<li>100 g<\/li>\n<\/ul>\n<p><b>Utilisation<\/b><\/p>\n<p>Mode d&#8217;emploi\u00a0: Alimentation\u00a0: Suskewiet Konkoers, m\u00e9lange pour pinsons \u00ab\u00a0\u00e9t\u00e9\u00a0\u00bb + Suskewiet Digest Forte \u00ab\u00a01\u00a0\u00bb, 5\u00a0g (cuill\u00e8re \u00e0 caf\u00e9 rase) \/ 100\u00a0g d&#8217;aliment compl\u00e9mentaire enrichi (par exemple, Suskewiet P\u00e2t\u00e9e aux \u0153ufs pour pinsons et chants sauvages), \u00e0 distribuer 2 \u00e0 3\u00a0fois par semaine. Digest Forte \u00ab\u00a01\u00a0\u00bb peut \u00eatre ajout\u00e9 \u00e0 la p\u00e2t\u00e9e aux \u0153ufs en association avec Breeding Forte \u00ab\u00a01\u00a0\u00bb sans probl\u00e8me. En cas de fientes plates ou apr\u00e8s un traitement m\u00e9dicamenteux\u00a0: Suskewiet Digest Forte \u00ab\u00a02\u00a0\u00bb, 5\u00a0ml \/ 500\u00a0ml d&#8217;eau potable pendant 5\u00a0jours cons\u00e9cutifs + Suskewiet Digest Forte \u00ab\u00a01\u00a0\u00bb, 5\u00a0g (cuill\u00e8re \u00e0 caf\u00e9 rase) \/ 100\u00a0g d&#8217;\u0153uf nourriture.<\/p>\n<p><b>Conservation<\/b><\/p>\n<p>Conserver dans un endroit frais et sec.<\/p>\n","protected":false},"excerpt":{"rendered":"<p>Gr\u00e2ce \u00e0 la forte concentration en bact\u00e9ries lactiques et butyriques de haute qualit\u00e9 de ce compl\u00e9ment, vous cr\u00e9ez une base id\u00e9ale pour une bonne fonction intestinale. L&#8217;utilisation de Suskewiet Digest Forte 1 assure une r\u00e9cup\u00e9ration rapide du syst\u00e8me digestif des pinsons apr\u00e8s un traitement. De plus, il a \u00e9t\u00e9 prouv\u00e9 que ce compl\u00e9ment am\u00e9liore l&#8217;\u00e9tat&#8230;<\/p>\n","protected":false},"featured_media":4123,"comment_status":"open","ping_status":"closed","template":"","meta":{"_uag_custom_page_level_css":"","_kad_post_transparent":"default","_kad_post_title":"","_kad_post_layout":"default","_kad_post_sidebar_id":"","_kad_post_content_style":"default","_kad_post_vertical_padding":"default","_kad_post_feature":"","_kad_post_feature_position":"","_kad_post_header":false,"_kad_post_footer":false,"_kad_post_classname":""},"product_brand":[594],"product_cat":[337],"product_tag":[],"class_list":{"0":"post-6293","1":"product","2":"type-product","3":"status-publish","4":"has-post-thumbnail","6":"product_brand-suskewiet___fr","7":"product_cat-suskewiet-fr","8":"product_shipping_class-lichte-pakketten","10":"first","11":"instock","12":"taxable","13":"shipping-taxable","14":"purchasable","15":"product-type-simple","16":"entry","17":"content-bg","18":"loop-entry"},"uagb_featured_image_src":{"full":["https:\/\/avlo-deerlijk.be\/wp-content\/uploads\/2025\/02\/Suskewiet-Digest-Forte.webp",900,720,false],"thumbnail":["https:\/\/avlo-deerlijk.be\/wp-content\/uploads\/2025\/02\/Suskewiet-Digest-Forte-50x50.webp",50,50,true],"medium":["https:\/\/avlo-deerlijk.be\/wp-content\/uploads\/2025\/02\/Suskewiet-Digest-Forte-300x240.webp",300,240,true],"medium_large":["https:\/\/avlo-deerlijk.be\/wp-content\/uploads\/2025\/02\/Suskewiet-Digest-Forte-768x614.webp",768,614,true],"large":["https:\/\/avlo-deerlijk.be\/wp-content\/uploads\/2025\/02\/Suskewiet-Digest-Forte.webp",900,720,false],"1536x1536":["https:\/\/avlo-deerlijk.be\/wp-content\/uploads\/2025\/02\/Suskewiet-Digest-Forte.webp",900,720,false],"2048x2048":["https:\/\/avlo-deerlijk.be\/wp-content\/uploads\/2025\/02\/Suskewiet-Digest-Forte.webp",900,720,false],"woocommerce_thumbnail":["https:\/\/avlo-deerlijk.be\/wp-content\/uploads\/2025\/02\/Suskewiet-Digest-Forte-600x600.webp",600,600,true],"woocommerce_single":["https:\/\/avlo-deerlijk.be\/wp-content\/uploads\/2025\/02\/Suskewiet-Digest-Forte-600x480.webp",600,480,true],"woocommerce_gallery_thumbnail":["https:\/\/avlo-deerlijk.be\/wp-content\/uploads\/2025\/02\/Suskewiet-Digest-Forte-100x100.webp",100,100,true]},"uagb_author_info":{"display_name":"admin","author_link":"https:\/\/avlo-deerlijk.be\/?author=0"},"uagb_comment_info":0,"uagb_excerpt":"Gr\u00e2ce \u00e0 la forte concentration en bact\u00e9ries lactiques et butyriques de haute qualit\u00e9 de ce compl\u00e9ment, vous cr\u00e9ez une base id\u00e9ale pour une bonne fonction intestinale. L&#8217;utilisation de Suskewiet Digest Forte 1 assure une r\u00e9cup\u00e9ration rapide du syst\u00e8me digestif des pinsons apr\u00e8s un traitement. De plus, il a \u00e9t\u00e9 prouv\u00e9 que ce compl\u00e9ment am\u00e9liore l&#8217;\u00e9tat...","pll_sync_post":{},"lang":"fr","translations":{"fr":6293,"nl":4122},"_links":{"self":[{"href":"https:\/\/avlo-deerlijk.be\/index.php?rest_route=\/wp\/v2\/product\/6293","targetHints":{"allow":["GET"]}}],"collection":[{"href":"https:\/\/avlo-deerlijk.be\/index.php?rest_route=\/wp\/v2\/product"}],"about":[{"href":"https:\/\/avlo-deerlijk.be\/index.php?rest_route=\/wp\/v2\/types\/product"}],"replies":[{"embeddable":true,"href":"https:\/\/avlo-deerlijk.be\/index.php?rest_route=%2Fwp%2Fv2%2Fcomments&post=6293"}],"wp:featuredmedia":[{"embeddable":true,"href":"https:\/\/avlo-deerlijk.be\/index.php?rest_route=\/wp\/v2\/media\/4123"}],"wp:attachment":[{"href":"https:\/\/avlo-deerlijk.be\/index.php?rest_route=%2Fwp%2Fv2%2Fmedia&parent=6293"}],"wp:term":[{"taxonomy":"product_brand","embeddable":true,"href":"https:\/\/avlo-deerlijk.be\/index.php?rest_route=%2Fwp%2Fv2%2Fproduct_brand&post=6293"},{"taxonomy":"product_cat","embeddable":true,"href":"https:\/\/avlo-deerlijk.be\/index.php?rest_route=%2Fwp%2Fv2%2Fproduct_cat&post=6293"},{"taxonomy":"product_tag","embeddable":true,"href":"https:\/\/avlo-deerlijk.be\/index.php?rest_route=%2Fwp%2Fv2%2Fproduct_tag&post=6293"}],"curies":[{"name":"wp","href":"https:\/\/api.w.org\/{rel}","templated":true}]}}