{"id":6261,"date":"2025-02-25T17:02:04","date_gmt":"2025-02-25T17:02:04","guid":{"rendered":"https:\/\/avlo-deerlijk.be\/?post_type=product&#038;p=4247"},"modified":"2025-06-08T20:19:46","modified_gmt":"2025-06-08T20:19:46","slug":"bol-pour-nourriture-ou-boisson-2","status":"publish","type":"product","link":"https:\/\/avlo-deerlijk.be\/?product=bol-pour-nourriture-ou-boisson-2&lang=fr","title":{"rendered":"Bol pour nourriture ou boisson"},"content":{"rendered":"<ul>\n<li>\u00c9cuelle de qualit\u00e9 pour boire ou nourrir<\/li>\n<li>Disponible en diam\u00e8tre 13 cm, 20 cm ou 30 cm<\/li>\n<\/ul>\n","protected":false},"excerpt":{"rendered":"<p>\u00c9cuelle de qualit\u00e9 pour boire ou nourrir Disponible en diam\u00e8tre 13 cm, 20 cm ou 30 cm<\/p>\n","protected":false},"featured_media":4251,"comment_status":"open","ping_status":"closed","template":"","meta":{"_uag_custom_page_level_css":"","_kad_post_transparent":"default","_kad_post_title":"","_kad_post_layout":"default","_kad_post_sidebar_id":"","_kad_post_content_style":"default","_kad_post_vertical_padding":"default","_kad_post_feature":"","_kad_post_feature_position":"","_kad_post_header":false,"_kad_post_footer":false,"_kad_post_classname":""},"product_brand":[561],"product_cat":[405,377],"product_tag":[],"class_list":{"0":"post-6261","1":"product","2":"type-product","3":"status-publish","4":"has-post-thumbnail","6":"product_brand-ost-belgium___fr","7":"product_cat-mangeoires","8":"product_cat-materiel-dabreuvement","9":"product_shipping_class-lichte-pakketten","11":"first","12":"instock","13":"taxable","14":"shipping-taxable","15":"purchasable","16":"product-type-variable","17":"entry","18":"content-bg","19":"loop-entry"},"uagb_featured_image_src":{"full":["https:\/\/avlo-deerlijk.be\/wp-content\/uploads\/2025\/02\/89303751-Bad-of-puppyschaal-20-cm.jpg",1024,1024,false],"thumbnail":["https:\/\/avlo-deerlijk.be\/wp-content\/uploads\/2025\/02\/89303751-Bad-of-puppyschaal-20-cm-50x50.jpg",50,50,true],"medium":["https:\/\/avlo-deerlijk.be\/wp-content\/uploads\/2025\/02\/89303751-Bad-of-puppyschaal-20-cm-300x300.jpg",300,300,true],"medium_large":["https:\/\/avlo-deerlijk.be\/wp-content\/uploads\/2025\/02\/89303751-Bad-of-puppyschaal-20-cm-768x768.jpg",768,768,true],"large":["https:\/\/avlo-deerlijk.be\/wp-content\/uploads\/2025\/02\/89303751-Bad-of-puppyschaal-20-cm.jpg",1024,1024,false],"1536x1536":["https:\/\/avlo-deerlijk.be\/wp-content\/uploads\/2025\/02\/89303751-Bad-of-puppyschaal-20-cm.jpg",1024,1024,false],"2048x2048":["https:\/\/avlo-deerlijk.be\/wp-content\/uploads\/2025\/02\/89303751-Bad-of-puppyschaal-20-cm.jpg",1024,1024,false],"woocommerce_thumbnail":["https:\/\/avlo-deerlijk.be\/wp-content\/uploads\/2025\/02\/89303751-Bad-of-puppyschaal-20-cm-600x600.jpg",600,600,true],"woocommerce_single":["https:\/\/avlo-deerlijk.be\/wp-content\/uploads\/2025\/02\/89303751-Bad-of-puppyschaal-20-cm-600x600.jpg",600,600,true],"woocommerce_gallery_thumbnail":["https:\/\/avlo-deerlijk.be\/wp-content\/uploads\/2025\/02\/89303751-Bad-of-puppyschaal-20-cm-100x100.jpg",100,100,true]},"uagb_author_info":{"display_name":"admin","author_link":"https:\/\/avlo-deerlijk.be\/?author=0"},"uagb_comment_info":0,"uagb_excerpt":"\u00c9cuelle de qualit\u00e9 pour boire ou nourrir Disponible en diam\u00e8tre 13 cm, 20 cm ou 30 cm","pll_sync_post":{},"lang":"fr","translations":{"fr":6261,"nl":4247},"_links":{"self":[{"href":"https:\/\/avlo-deerlijk.be\/index.php?rest_route=\/wp\/v2\/product\/6261","targetHints":{"allow":["GET"]}}],"collection":[{"href":"https:\/\/avlo-deerlijk.be\/index.php?rest_route=\/wp\/v2\/product"}],"about":[{"href":"https:\/\/avlo-deerlijk.be\/index.php?rest_route=\/wp\/v2\/types\/product"}],"replies":[{"embeddable":true,"href":"https:\/\/avlo-deerlijk.be\/index.php?rest_route=%2Fwp%2Fv2%2Fcomments&post=6261"}],"wp:featuredmedia":[{"embeddable":true,"href":"https:\/\/avlo-deerlijk.be\/index.php?rest_route=\/wp\/v2\/media\/4251"}],"wp:attachment":[{"href":"https:\/\/avlo-deerlijk.be\/index.php?rest_route=%2Fwp%2Fv2%2Fmedia&parent=6261"}],"wp:term":[{"taxonomy":"product_brand","embeddable":true,"href":"https:\/\/avlo-deerlijk.be\/index.php?rest_route=%2Fwp%2Fv2%2Fproduct_brand&post=6261"},{"taxonomy":"product_cat","embeddable":true,"href":"https:\/\/avlo-deerlijk.be\/index.php?rest_route=%2Fwp%2Fv2%2Fproduct_cat&post=6261"},{"taxonomy":"product_tag","embeddable":true,"href":"https:\/\/avlo-deerlijk.be\/index.php?rest_route=%2Fwp%2Fv2%2Fproduct_tag&post=6261"}],"curies":[{"name":"wp","href":"https:\/\/api.w.org\/{rel}","templated":true}]}}