{"id":6233,"date":"2025-05-14T13:05:37","date_gmt":"2025-05-14T13:05:37","guid":{"rendered":"https:\/\/avlo-deerlijk.be\/?post_type=product&#038;p=5879"},"modified":"2025-06-08T20:19:18","modified_gmt":"2025-06-08T20:19:18","slug":"horloge-a-boire-a-baionnette-1l","status":"publish","type":"product","link":"https:\/\/avlo-deerlijk.be\/?product=horloge-a-boire-a-baionnette-1l&lang=fr","title":{"rendered":"HORLOGE \u00c0 BOIRE \u00c0 BA\u00cfONNETTE 1L"},"content":{"rendered":"<p style=\"font-weight: 400;\">Le\u00a0<b>ABREUVOIR \u00c0 BA\u00cfONNETTE 1 L<\/b>\u00a0est un \u00e9quipement essentiel pour l&#8217;alimentation et l&#8217;abreuvement des animaux d&#8217;\u00e9levage. Gr\u00e2ce \u00e0 sa grande capacit\u00e9, cette fontaine garantit \u00e0 vos animaux un acc\u00e8s permanent \u00e0 de l&#8217;eau fra\u00eeche, favorisant ainsi leur sant\u00e9 et leur bien-\u00eatre.<\/p>\n<p style=\"font-weight: 400;\">La conception astucieuse de cette fontaine garantit une eau propre et prot\u00e9g\u00e9e des contaminants. Sa construction robuste garantit une utilisation durable, m\u00eame dans les environnements les plus exigeants.<\/p>\n<p style=\"font-weight: 400;\">La poign\u00e9e de transport pratique de la fontaine facilite son d\u00e9placement et son remplissage. Son coloris rouge et blanc cr\u00e9e un aspect naturel qui s&#8217;int\u00e8gre parfaitement \u00e0 tout environnement agricole.<\/p>\n<p style=\"font-weight: 400;\">Offrez \u00e0 vos animaux d&#8217;\u00e9levage les meilleurs soins possibles avec le\u00a0<b>VERRE \u00c0 BA\u00cfONNETTE 1 L<\/b>\u00a0de Noah&#8217;s Farmyard. Investissez dans la qualit\u00e9, la commodit\u00e9 et l&#8217;hygi\u00e8ne pour vos animaux.<\/p>\n<p style=\"font-weight: 400;\">Commandez d\u00e8s aujourd&#8217;hui et assurez-vous que vos animaux restent hydrat\u00e9s en permanence\u00a0!<\/p>\n<ul>\n<li>Capacit\u00e9\u00a0: 1\u00a0litre (\u00e9galement disponible en 3 et 10\u00a0litres)<\/li>\n<\/ul>\n","protected":false},"excerpt":{"rendered":"<p>Le\u00a0ABREUVOIR \u00c0 BA\u00cfONNETTE 1 L\u00a0est un \u00e9quipement essentiel pour l&#8217;alimentation et l&#8217;abreuvement des animaux d&#8217;\u00e9levage. Gr\u00e2ce \u00e0 sa grande capacit\u00e9, cette fontaine garantit \u00e0 vos animaux un acc\u00e8s permanent \u00e0 de l&#8217;eau fra\u00eeche, favorisant ainsi leur sant\u00e9 et leur bien-\u00eatre. La conception astucieuse de cette fontaine garantit une eau propre et prot\u00e9g\u00e9e des contaminants. Sa&#8230;<\/p>\n","protected":false},"featured_media":5880,"comment_status":"open","ping_status":"closed","template":"","meta":{"_uag_custom_page_level_css":"","_kad_post_transparent":"default","_kad_post_title":"","_kad_post_layout":"default","_kad_post_sidebar_id":"","_kad_post_content_style":"default","_kad_post_vertical_padding":"default","_kad_post_feature":"","_kad_post_feature_position":"","_kad_post_header":false,"_kad_post_footer":false,"_kad_post_classname":""},"product_brand":[],"product_cat":[377],"product_tag":[],"class_list":{"0":"post-6233","1":"product","2":"type-product","3":"status-publish","4":"has-post-thumbnail","6":"product_cat-materiel-dabreuvement","7":"product_shipping_class-lichte-pakketten","9":"first","10":"instock","11":"taxable","12":"shipping-taxable","13":"purchasable","14":"product-type-simple","15":"entry","16":"content-bg","17":"loop-entry"},"uagb_featured_image_src":{"full":["https:\/\/avlo-deerlijk.be\/wp-content\/uploads\/2025\/05\/DRINKKLOK-BAJONETSLUITING-1-L-e1747228010573.jpg",452,452,false],"thumbnail":["https:\/\/avlo-deerlijk.be\/wp-content\/uploads\/2025\/05\/DRINKKLOK-BAJONETSLUITING-1-L-e1747228010573-50x50.jpg",50,50,true],"medium":["https:\/\/avlo-deerlijk.be\/wp-content\/uploads\/2025\/05\/DRINKKLOK-BAJONETSLUITING-1-L-e1747228010573-300x300.jpg",300,300,true],"medium_large":["https:\/\/avlo-deerlijk.be\/wp-content\/uploads\/2025\/05\/DRINKKLOK-BAJONETSLUITING-1-L-e1747228010573.jpg",452,452,false],"large":["https:\/\/avlo-deerlijk.be\/wp-content\/uploads\/2025\/05\/DRINKKLOK-BAJONETSLUITING-1-L-e1747228010573.jpg",452,452,false],"1536x1536":["https:\/\/avlo-deerlijk.be\/wp-content\/uploads\/2025\/05\/DRINKKLOK-BAJONETSLUITING-1-L-e1747228010573.jpg",452,452,false],"2048x2048":["https:\/\/avlo-deerlijk.be\/wp-content\/uploads\/2025\/05\/DRINKKLOK-BAJONETSLUITING-1-L-e1747228010573.jpg",452,452,false],"woocommerce_thumbnail":["https:\/\/avlo-deerlijk.be\/wp-content\/uploads\/2025\/05\/DRINKKLOK-BAJONETSLUITING-1-L-534x600.jpg",534,600,true],"woocommerce_single":["https:\/\/avlo-deerlijk.be\/wp-content\/uploads\/2025\/05\/DRINKKLOK-BAJONETSLUITING-1-L-e1747228010573.jpg",452,452,false],"woocommerce_gallery_thumbnail":["https:\/\/avlo-deerlijk.be\/wp-content\/uploads\/2025\/05\/DRINKKLOK-BAJONETSLUITING-1-L-e1747228010573-100x100.jpg",100,100,true]},"uagb_author_info":{"display_name":"admin","author_link":"https:\/\/avlo-deerlijk.be\/?author=0"},"uagb_comment_info":0,"uagb_excerpt":"Le\u00a0ABREUVOIR \u00c0 BA\u00cfONNETTE 1 L\u00a0est un \u00e9quipement essentiel pour l&#8217;alimentation et l&#8217;abreuvement des animaux d&#8217;\u00e9levage. Gr\u00e2ce \u00e0 sa grande capacit\u00e9, cette fontaine garantit \u00e0 vos animaux un acc\u00e8s permanent \u00e0 de l&#8217;eau fra\u00eeche, favorisant ainsi leur sant\u00e9 et leur bien-\u00eatre. La conception astucieuse de cette fontaine garantit une eau propre et prot\u00e9g\u00e9e des contaminants. Sa...","pll_sync_post":{},"lang":"fr","translations":{"fr":6233,"nl":5879},"_links":{"self":[{"href":"https:\/\/avlo-deerlijk.be\/index.php?rest_route=\/wp\/v2\/product\/6233","targetHints":{"allow":["GET"]}}],"collection":[{"href":"https:\/\/avlo-deerlijk.be\/index.php?rest_route=\/wp\/v2\/product"}],"about":[{"href":"https:\/\/avlo-deerlijk.be\/index.php?rest_route=\/wp\/v2\/types\/product"}],"replies":[{"embeddable":true,"href":"https:\/\/avlo-deerlijk.be\/index.php?rest_route=%2Fwp%2Fv2%2Fcomments&post=6233"}],"wp:featuredmedia":[{"embeddable":true,"href":"https:\/\/avlo-deerlijk.be\/index.php?rest_route=\/wp\/v2\/media\/5880"}],"wp:attachment":[{"href":"https:\/\/avlo-deerlijk.be\/index.php?rest_route=%2Fwp%2Fv2%2Fmedia&parent=6233"}],"wp:term":[{"taxonomy":"product_brand","embeddable":true,"href":"https:\/\/avlo-deerlijk.be\/index.php?rest_route=%2Fwp%2Fv2%2Fproduct_brand&post=6233"},{"taxonomy":"product_cat","embeddable":true,"href":"https:\/\/avlo-deerlijk.be\/index.php?rest_route=%2Fwp%2Fv2%2Fproduct_cat&post=6233"},{"taxonomy":"product_tag","embeddable":true,"href":"https:\/\/avlo-deerlijk.be\/index.php?rest_route=%2Fwp%2Fv2%2Fproduct_tag&post=6233"}],"curies":[{"name":"wp","href":"https:\/\/api.w.org\/{rel}","templated":true}]}}