{"id":6208,"date":"2025-05-17T17:43:46","date_gmt":"2025-05-17T17:43:46","guid":{"rendered":"https:\/\/avlo-deerlijk.be\/?post_type=product&#038;p=5950"},"modified":"2026-02-09T20:39:29","modified_gmt":"2026-02-09T20:39:29","slug":"cage-a-pinsons-avec-vitres-laterales","status":"publish","type":"product","link":"https:\/\/avlo-deerlijk.be\/?product=cage-a-pinsons-avec-vitres-laterales&lang=fr","title":{"rendered":"Cage \u00e0 pinsons avec vitres lat\u00e9rales"},"content":{"rendered":"<ul>\n<li>Cage pour pinson \/ museli\u00e8re pour pinson avec lunettes lat\u00e9rales<\/li>\n<li>\u00c9galement disponible sans lunettes lat\u00e9rales<\/li>\n<\/ul>\n","protected":false},"excerpt":{"rendered":"<p>Cage pour pinson \/ museli\u00e8re pour pinson avec lunettes lat\u00e9rales \u00c9galement disponible sans lunettes lat\u00e9rales<\/p>\n","protected":false},"featured_media":5948,"comment_status":"open","ping_status":"closed","template":"","meta":{"_uag_custom_page_level_css":"","_kad_post_transparent":"default","_kad_post_title":"","_kad_post_layout":"default","_kad_post_sidebar_id":"","_kad_post_content_style":"default","_kad_post_vertical_padding":"default","_kad_post_feature":"","_kad_post_feature_position":"","_kad_post_header":false,"_kad_post_footer":false,"_kad_post_classname":""},"product_brand":[],"product_cat":[401],"product_tag":[],"class_list":{"0":"post-6208","1":"product","2":"type-product","3":"status-publish","4":"has-post-thumbnail","6":"product_cat-autres-accessoires","7":"product_shipping_class-medium-pakketten","9":"first","10":"instock","11":"taxable","12":"shipping-taxable","13":"purchasable","14":"product-type-simple","15":"entry","16":"content-bg","17":"loop-entry"},"uagb_featured_image_src":{"full":["https:\/\/avlo-deerlijk.be\/wp-content\/uploads\/2025\/05\/Vinkenkooi-zijglazen.jpg",1080,1080,false],"thumbnail":["https:\/\/avlo-deerlijk.be\/wp-content\/uploads\/2025\/05\/Vinkenkooi-zijglazen-50x50.jpg",50,50,true],"medium":["https:\/\/avlo-deerlijk.be\/wp-content\/uploads\/2025\/05\/Vinkenkooi-zijglazen-300x300.jpg",300,300,true],"medium_large":["https:\/\/avlo-deerlijk.be\/wp-content\/uploads\/2025\/05\/Vinkenkooi-zijglazen-768x768.jpg",768,768,true],"large":["https:\/\/avlo-deerlijk.be\/wp-content\/uploads\/2025\/05\/Vinkenkooi-zijglazen-1024x1024.jpg",1024,1024,true],"1536x1536":["https:\/\/avlo-deerlijk.be\/wp-content\/uploads\/2025\/05\/Vinkenkooi-zijglazen.jpg",1080,1080,false],"2048x2048":["https:\/\/avlo-deerlijk.be\/wp-content\/uploads\/2025\/05\/Vinkenkooi-zijglazen.jpg",1080,1080,false],"woocommerce_thumbnail":["https:\/\/avlo-deerlijk.be\/wp-content\/uploads\/2025\/05\/Vinkenkooi-zijglazen-600x600.jpg",600,600,true],"woocommerce_single":["https:\/\/avlo-deerlijk.be\/wp-content\/uploads\/2025\/05\/Vinkenkooi-zijglazen-600x600.jpg",600,600,true],"woocommerce_gallery_thumbnail":["https:\/\/avlo-deerlijk.be\/wp-content\/uploads\/2025\/05\/Vinkenkooi-zijglazen-100x100.jpg",100,100,true]},"uagb_author_info":{"display_name":"admin","author_link":"https:\/\/avlo-deerlijk.be\/?author=0"},"uagb_comment_info":0,"uagb_excerpt":"Cage pour pinson \/ museli\u00e8re pour pinson avec lunettes lat\u00e9rales \u00c9galement disponible sans lunettes lat\u00e9rales","pll_sync_post":{},"lang":"fr","translations":{"fr":6208,"nl":5950},"_links":{"self":[{"href":"https:\/\/avlo-deerlijk.be\/index.php?rest_route=\/wp\/v2\/product\/6208","targetHints":{"allow":["GET"]}}],"collection":[{"href":"https:\/\/avlo-deerlijk.be\/index.php?rest_route=\/wp\/v2\/product"}],"about":[{"href":"https:\/\/avlo-deerlijk.be\/index.php?rest_route=\/wp\/v2\/types\/product"}],"replies":[{"embeddable":true,"href":"https:\/\/avlo-deerlijk.be\/index.php?rest_route=%2Fwp%2Fv2%2Fcomments&post=6208"}],"wp:featuredmedia":[{"embeddable":true,"href":"https:\/\/avlo-deerlijk.be\/index.php?rest_route=\/wp\/v2\/media\/5948"}],"wp:attachment":[{"href":"https:\/\/avlo-deerlijk.be\/index.php?rest_route=%2Fwp%2Fv2%2Fmedia&parent=6208"}],"wp:term":[{"taxonomy":"product_brand","embeddable":true,"href":"https:\/\/avlo-deerlijk.be\/index.php?rest_route=%2Fwp%2Fv2%2Fproduct_brand&post=6208"},{"taxonomy":"product_cat","embeddable":true,"href":"https:\/\/avlo-deerlijk.be\/index.php?rest_route=%2Fwp%2Fv2%2Fproduct_cat&post=6208"},{"taxonomy":"product_tag","embeddable":true,"href":"https:\/\/avlo-deerlijk.be\/index.php?rest_route=%2Fwp%2Fv2%2Fproduct_tag&post=6208"}],"curies":[{"name":"wp","href":"https:\/\/api.w.org\/{rel}","templated":true}]}}